{"id":1492,"date":"2023-10-24T07:45:15","date_gmt":"2023-10-24T07:45:15","guid":{"rendered":"https:\/\/www.iese.ac.mz\/coesao-social\/?page_id=1492"},"modified":"2023-10-24T08:11:04","modified_gmt":"2023-10-24T08:11:04","slug":"chiure","status":"publish","type":"page","link":"https:\/\/www.iese.ac.mz\/coesao-social\/chiure\/","title":{"rendered":"Chi\u00fare"},"content":{"rendered":"\t\t<div data-elementor-type=\"wp-page\" data-elementor-id=\"1492\" class=\"elementor elementor-1492\" data-elementor-post-type=\"page\">\n\t\t\t\t<div class=\"elementor-element elementor-element-fb40f31 e-flex e-con-boxed e-con e-parent\" data-id=\"fb40f31\" data-element_type=\"container\" data-e-type=\"container\">\n\t\t\t\t\t<div class=\"e-con-inner\">\n\t\t<div class=\"elementor-element elementor-element-ee066ee e-flex e-con-boxed e-con e-parent\" data-id=\"ee066ee\" data-element_type=\"container\" data-e-type=\"container\">\n\t\t\t\t\t<div class=\"e-con-inner\">\n\t\t\t\t<div class=\"elementor-element elementor-element-cac8ac8 elementor-widget elementor-widget-heading\" data-id=\"cac8ac8\" data-element_type=\"widget\" data-e-type=\"widget\" data-widget_type=\"heading.default\">\n\t\t\t\t<div class=\"elementor-widget-container\">\n\t\t\t\t\t<h2 class=\"elementor-heading-title elementor-size-default\">Distrito de Chi\u00fare<\/h2>\t\t\t\t<\/div>\n\t\t\t\t<\/div>\n\t\t\t\t\t<\/div>\n\t\t\t\t<\/div>\n\t\t\t\t\t<\/div>\n\t\t\t\t<\/div>\n\t\t<div class=\"elementor-element elementor-element-54ecc01 e-flex e-con-boxed e-con e-parent\" data-id=\"54ecc01\" data-element_type=\"container\" data-e-type=\"container\">\n\t\t\t\t\t<div class=\"e-con-inner\">\n\t\t<div class=\"elementor-element elementor-element-239b14e e-flex e-con-boxed e-con e-parent\" data-id=\"239b14e\" data-element_type=\"container\" data-e-type=\"container\">\n\t\t\t\t\t<div class=\"e-con-inner\">\n\t\t<div class=\"elementor-element elementor-element-4fe69ad e-con-full e-flex e-con e-parent\" data-id=\"4fe69ad\" data-element_type=\"container\" data-e-type=\"container\">\n\t\t\t\t<div class=\"elementor-element elementor-element-1238ccf elementor-widget elementor-widget-image\" data-id=\"1238ccf\" data-element_type=\"widget\" data-e-type=\"widget\" data-widget_type=\"image.default\">\n\t\t\t\t<div class=\"elementor-widget-container\">\n\t\t\t\t\t\t\t\t\t\t\t\t\t\t\t<img fetchpriority=\"high\" decoding=\"async\" width=\"764\" height=\"573\" src=\"https:\/\/i0.wp.com\/www.iese.ac.mz\/coesao-social\/wp-content\/uploads\/2023\/10\/chiuredistrito.jpg?fit=764%2C573&amp;ssl=1\" class=\"attachment-large size-large wp-image-1500\" alt=\"\" srcset=\"https:\/\/i0.wp.com\/www.iese.ac.mz\/coesao-social\/wp-content\/uploads\/2023\/10\/chiuredistrito.jpg?w=764&amp;ssl=1 764w, https:\/\/i0.wp.com\/www.iese.ac.mz\/coesao-social\/wp-content\/uploads\/2023\/10\/chiuredistrito.jpg?resize=300%2C225&amp;ssl=1 300w\" sizes=\"(max-width: 764px) 100vw, 764px\" \/>\t\t\t\t\t\t\t\t\t\t\t\t\t\t\t<\/div>\n\t\t\t\t<\/div>\n\t\t\t\t<\/div>\n\t\t<div class=\"elementor-element elementor-element-03f21ab e-con-full e-flex e-con e-parent\" data-id=\"03f21ab\" data-element_type=\"container\" data-e-type=\"container\" data-settings=\"{&quot;background_background&quot;:&quot;gradient&quot;}\">\n\t\t\t\t<div class=\"elementor-element elementor-element-092c623 elementor-widget elementor-widget-text-editor\" data-id=\"092c623\" data-element_type=\"widget\" data-e-type=\"widget\" data-widget_type=\"text-editor.default\">\n\t\t\t\t<div class=\"elementor-widget-container\">\n\t\t\t\t\t\t\t\t\t<p><strong>Prov\u00edncia:<\/strong>\u00a0 Cabo Delgado<\/p><p><strong>Distrito:<\/strong>\u00a0 Chi\u00fare<\/p><p><strong>\u00c1rea:<\/strong> 5,439 Km2<\/p><p><strong>Habitantes:<\/strong> 351,931<\/p><ul><li>Homens: 169,541<\/li><li>Mulheres: 182,390<\/li><\/ul><p><strong>Administrador:<\/strong>\u00a0<\/p>\t\t\t\t\t\t\t\t<\/div>\n\t\t\t\t<\/div>\n\t\t\t\t<div class=\"elementor-element elementor-element-b59f577 elementor-widget elementor-widget-text-editor\" data-id=\"b59f577\" data-element_type=\"widget\" data-e-type=\"widget\" data-widget_type=\"text-editor.default\">\n\t\t\t\t<div class=\"elementor-widget-container\">\n\t\t\t\t\t\t\t\t\t<p>Fonte:<em> (INE, 2013)<\/em><\/p>\t\t\t\t\t\t\t\t<\/div>\n\t\t\t\t<\/div>\n\t\t\t\t<\/div>\n\t\t<div class=\"elementor-element elementor-element-204e193 e-con-full e-flex e-con e-parent\" data-id=\"204e193\" data-element_type=\"container\" data-e-type=\"container\">\n\t\t\t\t<div class=\"elementor-element elementor-element-e69476e elementor-widget elementor-widget-image\" data-id=\"e69476e\" data-element_type=\"widget\" data-e-type=\"widget\" data-widget_type=\"image.default\">\n\t\t\t\t<div class=\"elementor-widget-container\">\n\t\t\t\t\t\t\t\t\t\t\t\t\t\t\t\t<a href=\"#\">\n\t\t\t\t\t\t\t<img decoding=\"async\" width=\"724\" height=\"1024\" src=\"https:\/\/i0.wp.com\/www.iese.ac.mz\/coesao-social\/wp-content\/uploads\/2023\/08\/Chiure-2023.jpg?fit=724%2C1024&amp;ssl=1\" class=\"attachment-large size-large wp-image-639\" alt=\"\" srcset=\"https:\/\/i0.wp.com\/www.iese.ac.mz\/coesao-social\/wp-content\/uploads\/2023\/08\/Chiure-2023.jpg?w=1307&amp;ssl=1 1307w, https:\/\/i0.wp.com\/www.iese.ac.mz\/coesao-social\/wp-content\/uploads\/2023\/08\/Chiure-2023.jpg?resize=212%2C300&amp;ssl=1 212w, https:\/\/i0.wp.com\/www.iese.ac.mz\/coesao-social\/wp-content\/uploads\/2023\/08\/Chiure-2023.jpg?resize=724%2C1024&amp;ssl=1 724w, https:\/\/i0.wp.com\/www.iese.ac.mz\/coesao-social\/wp-content\/uploads\/2023\/08\/Chiure-2023.jpg?resize=768%2C1086&amp;ssl=1 768w, https:\/\/i0.wp.com\/www.iese.ac.mz\/coesao-social\/wp-content\/uploads\/2023\/08\/Chiure-2023.jpg?resize=1086%2C1536&amp;ssl=1 1086w\" sizes=\"(max-width: 724px) 100vw, 724px\" \/>\t\t\t\t\t\t\t\t<\/a>\n\t\t\t\t\t\t\t\t\t\t\t\t\t\t\t<\/div>\n\t\t\t\t<\/div>\n\t\t\t\t<\/div>\n\t\t\t\t\t<\/div>\n\t\t\t\t<\/div>\n\t\t\t\t\t<\/div>\n\t\t\t\t<\/div>\n\t\t<div class=\"elementor-element elementor-element-b6b220e e-flex e-con-boxed e-con e-parent\" data-id=\"b6b220e\" data-element_type=\"container\" data-e-type=\"container\">\n\t\t\t\t\t<div class=\"e-con-inner\">\n\t\t\t\t<div class=\"elementor-element elementor-element-49dc756 elementor-widget elementor-widget-text-editor\" data-id=\"49dc756\" data-element_type=\"widget\" data-e-type=\"widget\" data-widget_type=\"text-editor.default\">\n\t\t\t\t<div class=\"elementor-widget-container\">\n\t\t\t\t\t\t\t\t\t<p>O distrito de Chi\u00fare est\u00e1 localizado na parte sul da prov\u00edncia de Cabo Delgado a 137 km da capital provincial, Pemba. Faz fronteira a Norte com os distritos de Ancuabe e Montepuez, a Sul com os distrito de Erati e Memba da prov\u00edncia de Nampula, a Este com o distrito de Mec\u00fafi e oceano o \u00cdndico e a Oeste com o distrito de Namuno (INE, 2013)..<\/p><p>Chi\u00fare tem uma superf\u00edcie de 5.439 Km\u00b2. De acordo com o Censo da Popula\u00e7\u00e3o de 2017, o distrito tem 351.931 habitantes dos quais 182.390 s\u00e3o mulheres e 169.541 s\u00e3o homens (Governo do Distrito de Chi\u00fare, 2023b). 48.5% da popula\u00e7\u00e3o est\u00e1 na faixa et\u00e1ria dos 0 aos 14 anos e a densidade populacional \u00e9 de 64,7hab\/Km2 (Governo do Distrito de Chi\u00fare, 2022).<\/p>\t\t\t\t\t\t\t\t<\/div>\n\t\t\t\t<\/div>\n\t\t\t\t\t<\/div>\n\t\t\t\t<\/div>\n\t\t<div class=\"elementor-element elementor-element-0994e61 e-flex e-con-boxed e-con e-parent\" data-id=\"0994e61\" data-element_type=\"container\" data-e-type=\"container\">\n\t\t\t\t\t<div class=\"e-con-inner\">\n\t\t\t\t<div class=\"elementor-element elementor-element-ac103d0 elementor-widget elementor-widget-button\" data-id=\"ac103d0\" data-element_type=\"widget\" data-e-type=\"widget\" data-settings=\"{&quot;_animation&quot;:&quot;none&quot;}\" data-widget_type=\"button.default\">\n\t\t\t\t<div class=\"elementor-widget-container\">\n\t\t\t\t\t\t\t\t\t<div class=\"elementor-button-wrapper\">\n\t\t\t\t\t<a class=\"elementor-button elementor-button-link elementor-size-sm elementor-animation-shrink\" href=\"#\">\n\t\t\t\t\t\t<span class=\"elementor-button-content-wrapper\">\n\t\t\t\t\t\t\t\t\t<span class=\"elementor-button-text\">Saiba mais...<\/span>\n\t\t\t\t\t<\/span>\n\t\t\t\t\t<\/a>\n\t\t\t\t<\/div>\n\t\t\t\t\t\t\t\t<\/div>\n\t\t\t\t<\/div>\n\t\t\t\t\t<\/div>\n\t\t\t\t<\/div>\n\t\t<div class=\"elementor-element elementor-element-12762b3 e-flex e-con-boxed e-con e-parent\" data-id=\"12762b3\" data-element_type=\"container\" data-e-type=\"container\">\n\t\t\t\t\t<div class=\"e-con-inner\">\n\t\t\t\t\t<\/div>\n\t\t\t\t<\/div>\n\t\t\t\t<\/div>\n\t\t","protected":false},"excerpt":{"rendered":"<p>Distrito de Chi\u00fare Prov\u00edncia:\u00a0 Cabo Delgado Distrito:\u00a0 Chi\u00fare \u00c1rea: 5,439 Km2 Habitantes: 351,931 Homens: 169,541 Mulheres: 182,390 Administrador:\u00a0 Fonte: (INE, 2013) O distrito de Chi\u00fare est\u00e1 localizado na parte sul [&hellip;]<\/p>\n","protected":false},"author":1,"featured_media":0,"parent":0,"menu_order":0,"comment_status":"closed","ping_status":"closed","template":"","meta":{"give_campaign_id":0,"footnotes":""},"class_list":["post-1492","page","type-page","status-publish","hentry","has-post-title","has-post-date","has-post-category","has-post-tag","has-post-comment","has-post-author",""],"campaignId":"","jetpack_sharing_enabled":true,"builder_content":"","_links":{"self":[{"href":"https:\/\/www.iese.ac.mz\/coesao-social\/wp-json\/wp\/v2\/pages\/1492","targetHints":{"allow":["GET"]}}],"collection":[{"href":"https:\/\/www.iese.ac.mz\/coesao-social\/wp-json\/wp\/v2\/pages"}],"about":[{"href":"https:\/\/www.iese.ac.mz\/coesao-social\/wp-json\/wp\/v2\/types\/page"}],"author":[{"embeddable":true,"href":"https:\/\/www.iese.ac.mz\/coesao-social\/wp-json\/wp\/v2\/users\/1"}],"replies":[{"embeddable":true,"href":"https:\/\/www.iese.ac.mz\/coesao-social\/wp-json\/wp\/v2\/comments?post=1492"}],"version-history":[{"count":8,"href":"https:\/\/www.iese.ac.mz\/coesao-social\/wp-json\/wp\/v2\/pages\/1492\/revisions"}],"predecessor-version":[{"id":1503,"href":"https:\/\/www.iese.ac.mz\/coesao-social\/wp-json\/wp\/v2\/pages\/1492\/revisions\/1503"}],"wp:attachment":[{"href":"https:\/\/www.iese.ac.mz\/coesao-social\/wp-json\/wp\/v2\/media?parent=1492"}],"curies":[{"name":"wp","href":"https:\/\/api.w.org\/{rel}","templated":true}]}}