{"id":1507,"date":"2023-10-24T08:14:43","date_gmt":"2023-10-24T08:14:43","guid":{"rendered":"https:\/\/www.iese.ac.mz\/coesao-social\/?page_id=1507"},"modified":"2023-10-24T08:30:46","modified_gmt":"2023-10-24T08:30:46","slug":"angoche-2","status":"publish","type":"page","link":"https:\/\/www.iese.ac.mz\/coesao-social\/angoche-2\/","title":{"rendered":"Angoche"},"content":{"rendered":"\t\t<div data-elementor-type=\"wp-page\" data-elementor-id=\"1507\" class=\"elementor elementor-1507\" data-elementor-post-type=\"page\">\n\t\t\t\t<div class=\"elementor-element elementor-element-821e021 e-flex e-con-boxed e-con e-parent\" data-id=\"821e021\" data-element_type=\"container\" data-e-type=\"container\">\n\t\t\t\t\t<div class=\"e-con-inner\">\n\t\t<div class=\"elementor-element elementor-element-37615db e-flex e-con-boxed e-con e-parent\" data-id=\"37615db\" data-element_type=\"container\" data-e-type=\"container\">\n\t\t\t\t\t<div class=\"e-con-inner\">\n\t\t\t\t<div class=\"elementor-element elementor-element-e598277 elementor-widget elementor-widget-heading\" data-id=\"e598277\" data-element_type=\"widget\" data-e-type=\"widget\" data-widget_type=\"heading.default\">\n\t\t\t\t<div class=\"elementor-widget-container\">\n\t\t\t\t\t<h2 class=\"elementor-heading-title elementor-size-default\">Distrito de Angoche<\/h2>\t\t\t\t<\/div>\n\t\t\t\t<\/div>\n\t\t\t\t\t<\/div>\n\t\t\t\t<\/div>\n\t\t\t\t\t<\/div>\n\t\t\t\t<\/div>\n\t\t<div class=\"elementor-element elementor-element-ddca4a1 e-flex e-con-boxed e-con e-parent\" data-id=\"ddca4a1\" data-element_type=\"container\" data-e-type=\"container\">\n\t\t\t\t\t<div class=\"e-con-inner\">\n\t\t<div class=\"elementor-element elementor-element-af30b09 e-flex e-con-boxed e-con e-parent\" data-id=\"af30b09\" data-element_type=\"container\" data-e-type=\"container\">\n\t\t\t\t\t<div class=\"e-con-inner\">\n\t\t<div class=\"elementor-element elementor-element-9022a40 e-con-full e-flex e-con e-parent\" data-id=\"9022a40\" data-element_type=\"container\" data-e-type=\"container\">\n\t\t\t\t<div class=\"elementor-element elementor-element-9926c54 elementor-widget elementor-widget-image\" data-id=\"9926c54\" data-element_type=\"widget\" data-e-type=\"widget\" data-widget_type=\"image.default\">\n\t\t\t\t<div class=\"elementor-widget-container\">\n\t\t\t\t\t\t\t\t\t\t\t\t\t\t\t<img fetchpriority=\"high\" decoding=\"async\" width=\"764\" height=\"573\" src=\"https:\/\/i0.wp.com\/www.iese.ac.mz\/coesao-social\/wp-content\/uploads\/2023\/10\/angochedistrito.jpg?fit=764%2C573&amp;ssl=1\" class=\"attachment-large size-large wp-image-1512\" alt=\"\" srcset=\"https:\/\/i0.wp.com\/www.iese.ac.mz\/coesao-social\/wp-content\/uploads\/2023\/10\/angochedistrito.jpg?w=764&amp;ssl=1 764w, https:\/\/i0.wp.com\/www.iese.ac.mz\/coesao-social\/wp-content\/uploads\/2023\/10\/angochedistrito.jpg?resize=300%2C225&amp;ssl=1 300w\" sizes=\"(max-width: 764px) 100vw, 764px\" \/>\t\t\t\t\t\t\t\t\t\t\t\t\t\t\t<\/div>\n\t\t\t\t<\/div>\n\t\t\t\t<\/div>\n\t\t<div class=\"elementor-element elementor-element-c12d679 e-con-full e-flex e-con e-parent\" data-id=\"c12d679\" data-element_type=\"container\" data-e-type=\"container\" data-settings=\"{&quot;background_background&quot;:&quot;gradient&quot;}\">\n\t\t\t\t<div class=\"elementor-element elementor-element-6717d47 elementor-widget elementor-widget-text-editor\" data-id=\"6717d47\" data-element_type=\"widget\" data-e-type=\"widget\" data-widget_type=\"text-editor.default\">\n\t\t\t\t<div class=\"elementor-widget-container\">\n\t\t\t\t\t\t\t\t\t<p><strong>Prov\u00edncia:<\/strong>\u00a0 Nampula<\/p><p><strong>Distrito:<\/strong>\u00a0 Angoche<\/p><p><strong>\u00c1rea:<\/strong> 3,056 Km2<\/p><p><strong>Habitantes:<\/strong> 391,249<\/p><ul><li>Homens: 190,746<\/li><li>Mulheres: 200,504<\/li><\/ul><p><strong>Administrador:<\/strong>\u00a0<\/p>\t\t\t\t\t\t\t\t<\/div>\n\t\t\t\t<\/div>\n\t\t\t\t<div class=\"elementor-element elementor-element-bdf9f83 elementor-widget elementor-widget-text-editor\" data-id=\"bdf9f83\" data-element_type=\"widget\" data-e-type=\"widget\" data-widget_type=\"text-editor.default\">\n\t\t\t\t<div class=\"elementor-widget-container\">\n\t\t\t\t\t\t\t\t\t<p>Fonte: <em>(INE, 2021)<\/em><\/p>\t\t\t\t\t\t\t\t<\/div>\n\t\t\t\t<\/div>\n\t\t\t\t<\/div>\n\t\t<div class=\"elementor-element elementor-element-c803782 e-con-full e-flex e-con e-parent\" data-id=\"c803782\" data-element_type=\"container\" data-e-type=\"container\">\n\t\t\t\t<div class=\"elementor-element elementor-element-cda8037 elementor-widget elementor-widget-image\" data-id=\"cda8037\" data-element_type=\"widget\" data-e-type=\"widget\" data-widget_type=\"image.default\">\n\t\t\t\t<div class=\"elementor-widget-container\">\n\t\t\t\t\t\t\t\t\t\t\t\t\t\t\t\t<a href=\"#\">\n\t\t\t\t\t\t\t<img decoding=\"async\" width=\"724\" height=\"1024\" src=\"https:\/\/i0.wp.com\/www.iese.ac.mz\/coesao-social\/wp-content\/uploads\/2023\/08\/Angoche.jpg?fit=724%2C1024&amp;ssl=1\" class=\"attachment-large size-large wp-image-637\" alt=\"\" srcset=\"https:\/\/i0.wp.com\/www.iese.ac.mz\/coesao-social\/wp-content\/uploads\/2023\/08\/Angoche.jpg?w=852&amp;ssl=1 852w, https:\/\/i0.wp.com\/www.iese.ac.mz\/coesao-social\/wp-content\/uploads\/2023\/08\/Angoche.jpg?resize=212%2C300&amp;ssl=1 212w, https:\/\/i0.wp.com\/www.iese.ac.mz\/coesao-social\/wp-content\/uploads\/2023\/08\/Angoche.jpg?resize=724%2C1024&amp;ssl=1 724w, https:\/\/i0.wp.com\/www.iese.ac.mz\/coesao-social\/wp-content\/uploads\/2023\/08\/Angoche.jpg?resize=768%2C1086&amp;ssl=1 768w\" sizes=\"(max-width: 724px) 100vw, 724px\" \/>\t\t\t\t\t\t\t\t<\/a>\n\t\t\t\t\t\t\t\t\t\t\t\t\t\t\t<\/div>\n\t\t\t\t<\/div>\n\t\t\t\t<\/div>\n\t\t\t\t\t<\/div>\n\t\t\t\t<\/div>\n\t\t\t\t\t<\/div>\n\t\t\t\t<\/div>\n\t\t<div class=\"elementor-element elementor-element-d28195a e-flex e-con-boxed e-con e-parent\" data-id=\"d28195a\" data-element_type=\"container\" data-e-type=\"container\">\n\t\t\t\t\t<div class=\"e-con-inner\">\n\t\t\t\t<div class=\"elementor-element elementor-element-7d3e42b elementor-widget elementor-widget-text-editor\" data-id=\"7d3e42b\" data-element_type=\"widget\" data-e-type=\"widget\" data-widget_type=\"text-editor.default\">\n\t\t\t\t<div class=\"elementor-widget-container\">\n\t\t\t\t\t\t\t\t\t<p>Angoche localiza-se na zona Sul do litoral da prov\u00edncia de Nampula. O distrito possui uma superf\u00edcie de 3056 Km2 e uma popula\u00e7\u00e3o de 391.249 habitantes, dos quais 190.746 s\u00e3o homens e 200.504 s\u00e3o mulheres (INE, 2021). Angoche tem como limites a Norte, o distrito de Mogincual; a Sul, o distrito de Moma; a Leste, o Oceano \u00cdndico e a Oeste, o distrito de Mogovolas. Administrativamente, Angoche \u00e9 formado por quatro Postos Administrativos, nomeadamente Angoche-sede, Boila \u2013 Namit\u00f3ria, Aube e Namaponda.<\/p><p>\u00a0<\/p>\t\t\t\t\t\t\t\t<\/div>\n\t\t\t\t<\/div>\n\t\t\t\t\t<\/div>\n\t\t\t\t<\/div>\n\t\t<div class=\"elementor-element elementor-element-f9f1aee e-flex e-con-boxed e-con e-parent\" data-id=\"f9f1aee\" data-element_type=\"container\" data-e-type=\"container\">\n\t\t\t\t\t<div class=\"e-con-inner\">\n\t\t\t\t<div class=\"elementor-element elementor-element-5284dae elementor-widget elementor-widget-button\" data-id=\"5284dae\" data-element_type=\"widget\" data-e-type=\"widget\" data-settings=\"{&quot;_animation&quot;:&quot;none&quot;}\" data-widget_type=\"button.default\">\n\t\t\t\t<div class=\"elementor-widget-container\">\n\t\t\t\t\t\t\t\t\t<div class=\"elementor-button-wrapper\">\n\t\t\t\t\t<a class=\"elementor-button elementor-button-link elementor-size-sm elementor-animation-shrink\" href=\"#\">\n\t\t\t\t\t\t<span class=\"elementor-button-content-wrapper\">\n\t\t\t\t\t\t\t\t\t<span class=\"elementor-button-text\">Saiba mais...<\/span>\n\t\t\t\t\t<\/span>\n\t\t\t\t\t<\/a>\n\t\t\t\t<\/div>\n\t\t\t\t\t\t\t\t<\/div>\n\t\t\t\t<\/div>\n\t\t\t\t\t<\/div>\n\t\t\t\t<\/div>\n\t\t\t\t<\/div>\n\t\t","protected":false},"excerpt":{"rendered":"<p>Distrito de Angoche Prov\u00edncia:\u00a0 Nampula Distrito:\u00a0 Angoche \u00c1rea: 3,056 Km2 Habitantes: 391,249 Homens: 190,746 Mulheres: 200,504 Administrador:\u00a0 Fonte: (INE, 2021) Angoche localiza-se na zona Sul do litoral da prov\u00edncia de [&hellip;]<\/p>\n","protected":false},"author":1,"featured_media":0,"parent":0,"menu_order":0,"comment_status":"closed","ping_status":"closed","template":"","meta":{"give_campaign_id":0,"footnotes":""},"class_list":["post-1507","page","type-page","status-publish","hentry","has-post-title","has-post-date","has-post-category","has-post-tag","has-post-comment","has-post-author",""],"campaignId":"","jetpack_sharing_enabled":true,"builder_content":"","_links":{"self":[{"href":"https:\/\/www.iese.ac.mz\/coesao-social\/wp-json\/wp\/v2\/pages\/1507","targetHints":{"allow":["GET"]}}],"collection":[{"href":"https:\/\/www.iese.ac.mz\/coesao-social\/wp-json\/wp\/v2\/pages"}],"about":[{"href":"https:\/\/www.iese.ac.mz\/coesao-social\/wp-json\/wp\/v2\/types\/page"}],"author":[{"embeddable":true,"href":"https:\/\/www.iese.ac.mz\/coesao-social\/wp-json\/wp\/v2\/users\/1"}],"replies":[{"embeddable":true,"href":"https:\/\/www.iese.ac.mz\/coesao-social\/wp-json\/wp\/v2\/comments?post=1507"}],"version-history":[{"count":4,"href":"https:\/\/www.iese.ac.mz\/coesao-social\/wp-json\/wp\/v2\/pages\/1507\/revisions"}],"predecessor-version":[{"id":1516,"href":"https:\/\/www.iese.ac.mz\/coesao-social\/wp-json\/wp\/v2\/pages\/1507\/revisions\/1516"}],"wp:attachment":[{"href":"https:\/\/www.iese.ac.mz\/coesao-social\/wp-json\/wp\/v2\/media?parent=1507"}],"curies":[{"name":"wp","href":"https:\/\/api.w.org\/{rel}","templated":true}]}}