{"id":1752,"date":"2024-10-17T07:34:56","date_gmt":"2024-10-17T07:34:56","guid":{"rendered":"https:\/\/www.iese.ac.mz\/coesao-social\/?page_id=1752"},"modified":"2025-02-11T08:14:58","modified_gmt":"2025-02-11T08:14:58","slug":"conf2024","status":"publish","type":"page","link":"https:\/\/www.iese.ac.mz\/coesao-social\/conf2024\/","title":{"rendered":"Conf2024"},"content":{"rendered":"\t\t<div data-elementor-type=\"wp-page\" data-elementor-id=\"1752\" class=\"elementor elementor-1752\" data-elementor-post-type=\"page\">\n\t\t\t\t\t\t<section class=\"elementor-section elementor-top-section elementor-element elementor-element-31d123bc elementor-section-height-min-height elementor-section-boxed elementor-section-height-default elementor-section-items-middle\" data-id=\"31d123bc\" data-element_type=\"section\" data-e-type=\"section\" data-settings=\"{&quot;background_background&quot;:&quot;classic&quot;}\">\n\t\t\t\t\t\t<div class=\"elementor-container elementor-column-gap-default\">\n\t\t\t\t\t<div class=\"elementor-column elementor-col-100 elementor-top-column elementor-element elementor-element-5af1529a\" data-id=\"5af1529a\" data-element_type=\"column\" data-e-type=\"column\">\n\t\t\t<div class=\"elementor-widget-wrap elementor-element-populated\">\n\t\t\t\t\t\t<div class=\"elementor-element elementor-element-5979b39b elementor-widget elementor-widget-elementskit-countdown-timer\" data-id=\"5979b39b\" data-element_type=\"widget\" data-e-type=\"widget\" data-widget_type=\"elementskit-countdown-timer.default\">\n\t\t\t\t<div class=\"elementor-widget-container\">\n\t\t\t\t\t<div class=\"ekit-wid-con\" ><div data-date-ekit-day=\"Dias\" data-date-ekit-hour=\"Horas\" data-date-ekit-minute=\"Minutos\" data-date-ekit-second=\"Segundos\" data-ekit-countdown=\"2024-11-06 08:30\" data-finish-title=\"\" data-finish-content=\"\" class=\"elementskit-countdown-timer ekit-countdown text-center\"><\/div><\/div>\t\t\t\t<\/div>\n\t\t\t\t<\/div>\n\t\t\t\t<section class=\"elementor-section elementor-inner-section elementor-element elementor-element-66a0dc67 elementor-section-boxed elementor-section-height-default elementor-section-height-default\" data-id=\"66a0dc67\" data-element_type=\"section\" data-e-type=\"section\">\n\t\t\t\t\t\t<div class=\"elementor-container elementor-column-gap-default\">\n\t\t\t\t\t<div class=\"elementor-column elementor-col-100 elementor-inner-column elementor-element elementor-element-1c6cbe0b\" data-id=\"1c6cbe0b\" data-element_type=\"column\" data-e-type=\"column\">\n\t\t\t<div class=\"elementor-widget-wrap elementor-element-populated\">\n\t\t\t\t\t\t<div class=\"elementor-element elementor-element-3f10abba elementor-widget__width-initial elementor-widget elementor-widget-elementskit-heading\" data-id=\"3f10abba\" data-element_type=\"widget\" data-e-type=\"widget\" data-widget_type=\"elementskit-heading.default\">\n\t\t\t\t<div class=\"elementor-widget-container\">\n\t\t\t\t\t<div class=\"ekit-wid-con\" ><div class=\"ekit-heading elementskit-section-title-wraper text_center   ekit_heading_tablet-   ekit_heading_mobile-text_center\"><h1 class=\"ekit-heading--title elementskit-section-title \">Confer\u00eancia anual    de coes\u00e3o social<\/h1>\t\t\t\t<div class='ekit-heading__description'>\n\t\t\t\t\t<p>Cidade de Pemba, 19 e 20 de Fevereiro de 2025<\/p>\n\t\t\t\t<\/div>\n\t\t\t<\/div><\/div>\t\t\t\t<\/div>\n\t\t\t\t<\/div>\n\t\t\t\t\t<\/div>\n\t\t<\/div>\n\t\t\t\t\t<\/div>\n\t\t<\/section>\n\t\t\t\t\t<\/div>\n\t\t<\/div>\n\t\t\t\t\t<\/div>\n\t\t<\/section>\n\t\t\t\t<section class=\"elementor-section elementor-top-section elementor-element elementor-element-825979c elementor-section-boxed elementor-section-height-default elementor-section-height-default\" data-id=\"825979c\" data-element_type=\"section\" data-e-type=\"section\">\n\t\t\t\t\t\t<div class=\"elementor-container elementor-column-gap-default\">\n\t\t\t\t\t<div class=\"elementor-column elementor-col-100 elementor-top-column elementor-element elementor-element-514492da\" data-id=\"514492da\" data-element_type=\"column\" data-e-type=\"column\">\n\t\t\t<div class=\"elementor-widget-wrap elementor-element-populated\">\n\t\t\t\t\t\t<div class=\"elementor-element elementor-element-830e8ae e-n-tabs-mobile elementor-widget elementor-widget-n-tabs\" data-id=\"830e8ae\" data-element_type=\"widget\" data-e-type=\"widget\" data-settings=\"{&quot;horizontal_scroll&quot;:&quot;disable&quot;}\" data-widget_type=\"nested-tabs.default\">\n\t\t\t\t<div class=\"elementor-widget-container\">\n\t\t\t\t\t\t\t<div class=\"e-n-tabs\" data-widget-number=\"137423022\" aria-label=\"Tabs. Open items with Enter or Space, close with Escape and navigate using the Arrow keys.\">\n\t\t\t<div class=\"e-n-tabs-heading\" role=\"tablist\">\n\t\t\t\t\t<button id=\"e-n-tab-title-1374230221\" data-tab-title-id=\"e-n-tab-title-1374230221\" class=\"e-n-tab-title\" aria-selected=\"true\" data-tab-index=\"1\" role=\"tab\" tabindex=\"0\" aria-controls=\"e-n-tab-content-1374230221\" style=\"--n-tabs-title-order: 1;\">\n\t\t\t\t\t<span class=\"e-n-tab-icon\">\n\t\t\t<i aria-hidden=\"true\" class=\"far fa-file-alt\"><\/i>\t\t\t<i aria-hidden=\"true\" class=\"far fa-file-alt\"><\/i>\t\t<\/span>\n\t\t\t\t\t<span class=\"e-n-tab-title-text\">\n\t\t\t\tPrograma\t\t\t<\/span>\n\t\t<\/button>\n\t\t\t\t<button id=\"e-n-tab-title-1374230222\" data-tab-title-id=\"e-n-tab-title-1374230222\" class=\"e-n-tab-title\" aria-selected=\"false\" data-tab-index=\"2\" role=\"tab\" tabindex=\"-1\" aria-controls=\"e-n-tab-content-1374230222\" style=\"--n-tabs-title-order: 2;\">\n\t\t\t\t\t<span class=\"e-n-tab-icon\">\n\t\t\t<i aria-hidden=\"true\" class=\"fas fa-edit\"><\/i>\t\t\t<i aria-hidden=\"true\" class=\"fas fa-edit\"><\/i>\t\t<\/span>\n\t\t\t\t\t<span class=\"e-n-tab-title-text\">\n\t\t\t\tRegisto\t\t\t<\/span>\n\t\t<\/button>\n\t\t\t\t<button id=\"e-n-tab-title-1374230223\" data-tab-title-id=\"e-n-tab-title-1374230223\" class=\"e-n-tab-title\" aria-selected=\"false\" data-tab-index=\"3\" role=\"tab\" tabindex=\"-1\" aria-controls=\"e-n-tab-content-1374230223\" style=\"--n-tabs-title-order: 3;\">\n\t\t\t\t\t\t<span class=\"e-n-tab-title-text\">\n\t\t\t\tInforma\u00e7\u00e3o geral\t\t\t<\/span>\n\t\t<\/button>\n\t\t\t\t\t<\/div>\n\t\t\t<div class=\"e-n-tabs-content\">\n\t\t\t\t<div id=\"e-n-tab-content-1374230221\" role=\"tabpanel\" aria-labelledby=\"e-n-tab-title-1374230221\" data-tab-index=\"1\" style=\"--n-tabs-title-order: 1;\" class=\"e-active elementor-element elementor-element-dac2214 e-con-full e-flex e-con e-child\" data-id=\"dac2214\" data-element_type=\"container\" data-e-type=\"container\">\n\t\t<div class=\"elementor-element elementor-element-f630147 e-flex e-con-boxed e-con e-child\" data-id=\"f630147\" data-element_type=\"container\" data-e-type=\"container\">\n\t\t\t\t\t<div class=\"e-con-inner\">\n\t\t\t\t<div class=\"elementor-element elementor-element-52e8adb elementor-widget elementor-widget-shortcode\" data-id=\"52e8adb\" data-element_type=\"widget\" data-e-type=\"widget\" data-widget_type=\"shortcode.default\">\n\t\t\t\t<div class=\"elementor-widget-container\">\n\t\t\t\t\t\t\t<div class=\"elementor-shortcode\"><div class=\"_df_book df-lite\" id=\"df_1953\"  _slug=\"programa-da-conferencia\" data-title=\"programa-da-conferencia\" wpoptions=\"true\" thumb=\"https:\/\/www.iese.ac.mz\/coesao-social\/wp-content\/uploads\/2025\/02\/Screenshot-2025-02-11-at-09.50.12.png\" thumbtype=\"\" ><\/div><script class=\"df-shortcode-script\" nowprocket type=\"application\/javascript\">window.option_df_1953 = {\"outline\":[],\"backgroundColor\":\"#FFFFF\",\"autoEnableOutline\":\"false\",\"autoEnableThumbnail\":\"false\",\"overwritePDFOutline\":\"false\",\"enableDownload\":\"false\",\"direction\":\"1\",\"pageSize\":\"0\",\"source\":\"https:\\\/\\\/www.iese.ac.mz\\\/coesao-social\\\/wp-content\\\/uploads\\\/2025\\\/02\\\/Conferencia_Anual_COESAO_Programa_Pemba_19_20_Fevereiro-V2.pdf\",\"wpOptions\":\"true\"}; if(window.DFLIP && window.DFLIP.parseBooks){window.DFLIP.parseBooks();}<\/script> <\/div>\n\t\t\t\t\t\t<\/div>\n\t\t\t\t<\/div>\n\t\t\t\t\t<\/div>\n\t\t\t\t<\/div>\n\t\t\t\t<\/div>\n\t\t<div id=\"e-n-tab-content-1374230222\" role=\"tabpanel\" aria-labelledby=\"e-n-tab-title-1374230222\" data-tab-index=\"2\" style=\"--n-tabs-title-order: 2;\" class=\" elementor-element elementor-element-a11496e e-con-full e-flex e-con e-child\" data-id=\"a11496e\" data-element_type=\"container\" data-e-type=\"container\">\n\t\t\t\t<div class=\"elementor-element elementor-element-df58818 elementor-widget elementor-widget-shortcode\" data-id=\"df58818\" data-element_type=\"widget\" data-e-type=\"widget\" data-widget_type=\"shortcode.default\">\n\t\t\t\t<div class=\"elementor-widget-container\">\n\t\t\t\t\t\t\t<div class=\"elementor-shortcode\"><iframe src=\"https:\/\/docs.google.com\/forms\/d\/e\/1FAIpQLSexAA-WiNLdAgw9p4b2HtB-NL6A4LG3pYuFQn5krs8TGRKtWw\/viewform?embedded=true\" width=\"640\" height=\"2056\" frameborder=\"0\" marginheight=\"0\" marginwidth=\"0\">A carregar\u2026<\/iframe><\/div>\n\t\t\t\t\t\t<\/div>\n\t\t\t\t<\/div>\n\t\t\t\t<\/div>\n\t\t<div id=\"e-n-tab-content-1374230223\" role=\"tabpanel\" aria-labelledby=\"e-n-tab-title-1374230223\" data-tab-index=\"3\" style=\"--n-tabs-title-order: 3;\" class=\" elementor-element elementor-element-5fc333b e-con-full e-flex e-con e-child\" data-id=\"5fc333b\" data-element_type=\"container\" data-e-type=\"container\">\n\t\t\t\t<div class=\"elementor-element elementor-element-e299b67 elementor-widget elementor-widget-shortcode\" data-id=\"e299b67\" data-element_type=\"widget\" data-e-type=\"widget\" data-widget_type=\"shortcode.default\">\n\t\t\t\t<div class=\"elementor-widget-container\">\n\t\t\t\t\t\t\t<div class=\"elementor-shortcode\"><div class=\"_df_book df-lite\" id=\"df_1964\"  _slug=\"nota-conceptual\" data-title=\"nota-conceptual\" wpoptions=\"true\" thumbtype=\"\" ><\/div><script class=\"df-shortcode-script\" nowprocket type=\"application\/javascript\">window.option_df_1964 = {\"outline\":[],\"backgroundColor\":\"#FFFFF\",\"autoEnableOutline\":\"false\",\"autoEnableThumbnail\":\"false\",\"overwritePDFOutline\":\"false\",\"direction\":\"1\",\"pageSize\":\"0\",\"source\":\"https:\\\/\\\/www.iese.ac.mz\\\/coesao-social\\\/wp-content\\\/uploads\\\/2025\\\/02\\\/Conceppt-Note_COESAO2025.pdf\",\"wpOptions\":\"true\"}; if(window.DFLIP && window.DFLIP.parseBooks){window.DFLIP.parseBooks();}<\/script> <\/div>\n\t\t\t\t\t\t<\/div>\n\t\t\t\t<\/div>\n\t\t\t\t<\/div>\n\t\t\t\t\t<\/div>\n\t\t<\/div>\n\t\t\t\t\t\t<\/div>\n\t\t\t\t<\/div>\n\t\t\t\t\t<\/div>\n\t\t<\/div>\n\t\t\t\t\t<\/div>\n\t\t<\/section>\n\t\t\t\t<section class=\"elementor-section elementor-top-section elementor-element elementor-element-a03d095 elementor-section-full_width elementor-section-height-default elementor-section-height-default\" data-id=\"a03d095\" data-element_type=\"section\" data-e-type=\"section\" data-settings=\"{&quot;background_background&quot;:&quot;classic&quot;}\">\n\t\t\t\t\t\t<div class=\"elementor-container elementor-column-gap-default\">\n\t\t\t\t\t<div class=\"elementor-column elementor-col-100 elementor-top-column elementor-element elementor-element-bfe2158\" data-id=\"bfe2158\" data-element_type=\"column\" data-e-type=\"column\">\n\t\t\t<div class=\"elementor-widget-wrap elementor-element-populated\">\n\t\t\t\t\t\t<div class=\"elementor-element elementor-element-5491608 elementor-widget elementor-widget-image\" data-id=\"5491608\" data-element_type=\"widget\" data-e-type=\"widget\" data-widget_type=\"image.default\">\n\t\t\t\t<div class=\"elementor-widget-container\">\n\t\t\t\t\t\t\t\t\t\t\t\t\t\t\t<img fetchpriority=\"high\" decoding=\"async\" width=\"1024\" height=\"186\" src=\"https:\/\/i0.wp.com\/www.iese.ac.mz\/coesao-social\/wp-content\/uploads\/2024\/10\/Screenshot-2024-10-17-at-16.39.33.png?fit=1024%2C186&amp;ssl=1\" class=\"attachment-large size-large wp-image-1826\" alt=\"\" srcset=\"https:\/\/i0.wp.com\/www.iese.ac.mz\/coesao-social\/wp-content\/uploads\/2024\/10\/Screenshot-2024-10-17-at-16.39.33.png?w=2746&amp;ssl=1 2746w, https:\/\/i0.wp.com\/www.iese.ac.mz\/coesao-social\/wp-content\/uploads\/2024\/10\/Screenshot-2024-10-17-at-16.39.33.png?resize=300%2C54&amp;ssl=1 300w, https:\/\/i0.wp.com\/www.iese.ac.mz\/coesao-social\/wp-content\/uploads\/2024\/10\/Screenshot-2024-10-17-at-16.39.33.png?resize=1024%2C186&amp;ssl=1 1024w, https:\/\/i0.wp.com\/www.iese.ac.mz\/coesao-social\/wp-content\/uploads\/2024\/10\/Screenshot-2024-10-17-at-16.39.33.png?resize=768%2C139&amp;ssl=1 768w, https:\/\/i0.wp.com\/www.iese.ac.mz\/coesao-social\/wp-content\/uploads\/2024\/10\/Screenshot-2024-10-17-at-16.39.33.png?resize=1536%2C279&amp;ssl=1 1536w, https:\/\/i0.wp.com\/www.iese.ac.mz\/coesao-social\/wp-content\/uploads\/2024\/10\/Screenshot-2024-10-17-at-16.39.33.png?resize=2048%2C371&amp;ssl=1 2048w, https:\/\/i0.wp.com\/www.iese.ac.mz\/coesao-social\/wp-content\/uploads\/2024\/10\/Screenshot-2024-10-17-at-16.39.33.png?w=2330&amp;ssl=1 2330w\" sizes=\"(max-width: 1024px) 100vw, 1024px\" \/>\t\t\t\t\t\t\t\t\t\t\t\t\t\t\t<\/div>\n\t\t\t\t<\/div>\n\t\t\t\t\t<\/div>\n\t\t<\/div>\n\t\t\t\t\t<\/div>\n\t\t<\/section>\n\t\t<div class=\"elementor-element elementor-element-4bfc4e3 e-flex e-con-boxed e-con e-parent\" data-id=\"4bfc4e3\" data-element_type=\"container\" data-e-type=\"container\">\n\t\t\t\t\t<div class=\"e-con-inner\">\n\t\t\t\t\t<\/div>\n\t\t\t\t<\/div>\n\t\t\t\t<\/div>\n\t\t","protected":false},"excerpt":{"rendered":"<p>Confer\u00eancia anual de coes\u00e3o social Cidade de Pemba, 19 e 20 de Fevereiro de 2025 Programa Registo Informa\u00e7\u00e3o geral A carregar\u2026 A carregar\u2026<\/p>\n","protected":false},"author":1,"featured_media":0,"parent":0,"menu_order":0,"comment_status":"closed","ping_status":"closed","template":"elementor_header_footer","meta":{"give_campaign_id":0,"footnotes":""},"class_list":["post-1752","page","type-page","status-publish","hentry","has-post-title","has-post-date","has-post-category","has-post-tag","has-post-comment","has-post-author",""],"campaignId":"","jetpack_sharing_enabled":true,"builder_content":"","_links":{"self":[{"href":"https:\/\/www.iese.ac.mz\/coesao-social\/wp-json\/wp\/v2\/pages\/1752","targetHints":{"allow":["GET"]}}],"collection":[{"href":"https:\/\/www.iese.ac.mz\/coesao-social\/wp-json\/wp\/v2\/pages"}],"about":[{"href":"https:\/\/www.iese.ac.mz\/coesao-social\/wp-json\/wp\/v2\/types\/page"}],"author":[{"embeddable":true,"href":"https:\/\/www.iese.ac.mz\/coesao-social\/wp-json\/wp\/v2\/users\/1"}],"replies":[{"embeddable":true,"href":"https:\/\/www.iese.ac.mz\/coesao-social\/wp-json\/wp\/v2\/comments?post=1752"}],"version-history":[{"count":113,"href":"https:\/\/www.iese.ac.mz\/coesao-social\/wp-json\/wp\/v2\/pages\/1752\/revisions"}],"predecessor-version":[{"id":1973,"href":"https:\/\/www.iese.ac.mz\/coesao-social\/wp-json\/wp\/v2\/pages\/1752\/revisions\/1973"}],"wp:attachment":[{"href":"https:\/\/www.iese.ac.mz\/coesao-social\/wp-json\/wp\/v2\/media?parent=1752"}],"curies":[{"name":"wp","href":"https:\/\/api.w.org\/{rel}","templated":true}]}}