{"id":494,"date":"2023-08-14T12:57:11","date_gmt":"2023-08-14T12:57:11","guid":{"rendered":"https:\/\/www.iese.ac.mz\/coesao-social\/?page_id=494"},"modified":"2024-02-05T10:37:35","modified_gmt":"2024-02-05T10:37:35","slug":"descricao","status":"publish","type":"page","link":"https:\/\/www.iese.ac.mz\/coesao-social\/descricao\/","title":{"rendered":"Descri\u00e7\u00e3o"},"content":{"rendered":"\t\t<div data-elementor-type=\"wp-page\" data-elementor-id=\"494\" class=\"elementor elementor-494\" data-elementor-post-type=\"page\">\n\t\t\t\t<div class=\"elementor-element elementor-element-3666f22 e-flex e-con-boxed e-con e-parent\" data-id=\"3666f22\" data-element_type=\"container\" data-e-type=\"container\" data-settings=\"{&quot;background_background&quot;:&quot;classic&quot;}\">\n\t\t\t\t\t<div class=\"e-con-inner\">\n\t\t<div class=\"elementor-element elementor-element-9e219ae e-con-full e-flex e-con e-parent\" data-id=\"9e219ae\" data-element_type=\"container\" data-e-type=\"container\">\n\t\t\t\t<div class=\"elementor-element elementor-element-9c7ae8d elementor-widget elementor-widget-heading\" data-id=\"9c7ae8d\" data-element_type=\"widget\" data-e-type=\"widget\" data-widget_type=\"heading.default\">\n\t\t\t\t<div class=\"elementor-widget-container\">\n\t\t\t\t\t<h2 class=\"elementor-heading-title elementor-size-default\">Sobre o Programa COES\u00c3O<\/h2>\t\t\t\t<\/div>\n\t\t\t\t<\/div>\n\t\t\t\t<div class=\"elementor-element elementor-element-36245be elementor-widget elementor-widget-text-editor\" data-id=\"36245be\" data-element_type=\"widget\" data-e-type=\"widget\" data-widget_type=\"text-editor.default\">\n\t\t\t\t<div class=\"elementor-widget-container\">\n\t\t\t\t\t\t\t\t\t<p>O programa \u201cCOES\u00c3O \u2013 Ac\u00e7\u00e3o da Sociedade Civil para a Coes\u00e3o Social no Norte de Mo\u00e7ambique\u201d visa fortalecer a coes\u00e3o social nas prov\u00edncias do Norte de Mo\u00e7ambique, envolvendo jovens e mulheres em espa\u00e7os sociais, pol\u00edticos e econ\u00f3micos inclusivos para promover uma governa\u00e7\u00e3o respons\u00e1vel. O programa abrange os distritos de Chi\u00fare e Montepuez em Cabo Delgado, Chimbunila e Cuamba em Niassa, e Angoche e Moma em Nampula. O programa \u00e9 financiado pela Embaixada da Su\u00ed\u00e7a em Mo\u00e7ambique e implementado pelo Centro para Democracia e Direitos Humanos (CDD), pela Funda\u00e7\u00e3o Mecanismo de Apoio \u00e0 Sociedade Civil (Funda\u00e7\u00e3o MASC) e pelo Instituto de Estudos Sociais e Econ\u00f3micos (IESE).<\/p>\t\t\t\t\t\t\t\t<\/div>\n\t\t\t\t<\/div>\n\t\t\t\t<\/div>\n\t\t<div class=\"elementor-element elementor-element-1afa3bd e-flex e-con-boxed e-con e-parent\" data-id=\"1afa3bd\" data-element_type=\"container\" data-e-type=\"container\">\n\t\t\t\t\t<div class=\"e-con-inner\">\n\t\t\t\t<div class=\"elementor-element elementor-element-186dd88 elementor-widget elementor-widget-image\" data-id=\"186dd88\" data-element_type=\"widget\" data-e-type=\"widget\" data-widget_type=\"image.default\">\n\t\t\t\t<div class=\"elementor-widget-container\">\n\t\t\t\t\t\t\t\t\t\t\t\t\t\t\t<img fetchpriority=\"high\" decoding=\"async\" width=\"1024\" height=\"700\" src=\"https:\/\/i0.wp.com\/www.iese.ac.mz\/coesao-social\/wp-content\/uploads\/2023\/08\/crianca.png?fit=1024%2C700&amp;ssl=1\" class=\"attachment-large size-large wp-image-818\" alt=\"\" srcset=\"https:\/\/i0.wp.com\/www.iese.ac.mz\/coesao-social\/wp-content\/uploads\/2023\/08\/crianca.png?w=1326&amp;ssl=1 1326w, https:\/\/i0.wp.com\/www.iese.ac.mz\/coesao-social\/wp-content\/uploads\/2023\/08\/crianca.png?resize=300%2C205&amp;ssl=1 300w, https:\/\/i0.wp.com\/www.iese.ac.mz\/coesao-social\/wp-content\/uploads\/2023\/08\/crianca.png?resize=1024%2C700&amp;ssl=1 1024w, https:\/\/i0.wp.com\/www.iese.ac.mz\/coesao-social\/wp-content\/uploads\/2023\/08\/crianca.png?resize=768%2C525&amp;ssl=1 768w\" sizes=\"(max-width: 1024px) 100vw, 1024px\" \/>\t\t\t\t\t\t\t\t\t\t\t\t\t\t\t<\/div>\n\t\t\t\t<\/div>\n\t\t\t\t\t<\/div>\n\t\t\t\t<\/div>\n\t\t\t\t\t<\/div>\n\t\t\t\t<\/div>\n\t\t<div class=\"elementor-element elementor-element-1de9ae1 e-flex e-con-boxed e-con e-parent\" data-id=\"1de9ae1\" data-element_type=\"container\" data-e-type=\"container\" data-settings=\"{&quot;background_background&quot;:&quot;classic&quot;}\">\n\t\t\t\t\t<div class=\"e-con-inner\">\n\t\t\t\t<div class=\"elementor-element elementor-element-55d827d elementor-widget elementor-widget-spacer\" data-id=\"55d827d\" data-element_type=\"widget\" data-e-type=\"widget\" data-widget_type=\"spacer.default\">\n\t\t\t\t<div class=\"elementor-widget-container\">\n\t\t\t\t\t\t\t<div class=\"elementor-spacer\">\n\t\t\t<div class=\"elementor-spacer-inner\"><\/div>\n\t\t<\/div>\n\t\t\t\t\t\t<\/div>\n\t\t\t\t<\/div>\n\t\t\t\t\t<\/div>\n\t\t\t\t<\/div>\n\t\t<div class=\"elementor-element elementor-element-3a0d243 e-flex e-con-boxed e-con e-parent\" data-id=\"3a0d243\" data-element_type=\"container\" data-e-type=\"container\" data-settings=\"{&quot;background_background&quot;:&quot;classic&quot;}\">\n\t\t\t\t\t<div class=\"e-con-inner\">\n\t\t\t\t<div class=\"elementor-element elementor-element-31557f7 elementor-widget elementor-widget-heading\" data-id=\"31557f7\" data-element_type=\"widget\" data-e-type=\"widget\" data-widget_type=\"heading.default\">\n\t\t\t\t<div class=\"elementor-widget-container\">\n\t\t\t\t\t<h2 class=\"elementor-heading-title elementor-size-default\">O que \u00e9 coes\u00e3o social para o Programa?<\/h2>\t\t\t\t<\/div>\n\t\t\t\t<\/div>\n\t\t<div class=\"elementor-element elementor-element-b5da00a e-flex e-con-boxed e-con e-parent\" data-id=\"b5da00a\" data-element_type=\"container\" data-e-type=\"container\">\n\t\t\t\t\t<div class=\"e-con-inner\">\n\t\t\t\t<div class=\"elementor-element elementor-element-53167aa elementor-widget elementor-widget-text-editor\" data-id=\"53167aa\" data-element_type=\"widget\" data-e-type=\"widget\" data-widget_type=\"text-editor.default\">\n\t\t\t\t<div class=\"elementor-widget-container\">\n\t\t\t\t\t\t\t\t\t<p>A coes\u00e3o social \u00e9 definida como sendo o grau de confian\u00e7a no governo e no seio da sociedade, bem como a vontade de participar colectivamente para uma vis\u00e3o partilhada de paz sustent\u00e1vel e objectivos comuns de desenvolvimento.<\/p><p>A coes\u00e3o social \u00e9 analisada sob duas perspectivas:<\/p><ul><li><strong>Perspectiva horizontal<\/strong> &#8211; considera as rela\u00e7\u00f5es entre os cidad\u00e3os. Ela refere-se \u00e0 qualidade das rela\u00e7\u00f5es entre os cidad\u00e3os e entre os grupos da sociedade civil dentro de uma sociedade, ou seja, aos n\u00edveis de solidariedade, confian\u00e7a, aceita\u00e7\u00e3o, reciprocidade, mutualidade e multiplicidade de v\u00ednculos (atitudes e comportamentos). Ela \u00e9 a express\u00e3o do funcionamento do tecido social.<\/li><li><strong>Perspectiva vertical<\/strong> &#8211; que considera as interac\u00e7\u00f5es entre as institui\u00e7\u00f5es p\u00fablicas e os cidad\u00e3os. Ela refere-se \u00e0s rela\u00e7\u00f5es entre hierarquias (por exemplo, n\u00edveis de autoridade, poder e influ\u00eancia) e diz respeito ao grau em que as institui\u00e7\u00f5es estatais e n\u00e3o-estatais (ou seja, tradicionais, religiosas, grupos da sociedade civil, ONGs) interagem com as comunidades e os indiv\u00edduos de forma inclusiva, equitativa, transparente e respons\u00e1vel, com o duplo objectivo de fortalecer as rela\u00e7\u00f5es sociais e reduzir as desigualdades.<\/li><\/ul><p>Para estas duas perspectivas de coes\u00e3o social foram concebidos seis indicadores do Programa, nomeadamente: <em>inclus\u00e3o<\/em>, <em>seguran\u00e7a e protec\u00e7\u00e3o<\/em>, <em>confian\u00e7a nos outros<\/em>, <em>confian\u00e7a nas institui\u00e7\u00f5es<\/em>, <em>representa\u00e7\u00e3o<\/em> e <em>engajamento c\u00edvico<\/em>.<\/p>\t\t\t\t\t\t\t\t<\/div>\n\t\t\t\t<\/div>\n\t\t\t\t\t<\/div>\n\t\t\t\t<\/div>\n\t\t<div class=\"elementor-element elementor-element-4889ccf e-flex e-con-boxed e-con e-parent\" data-id=\"4889ccf\" data-element_type=\"container\" data-e-type=\"container\">\n\t\t\t\t\t<div class=\"e-con-inner\">\n\t\t\t\t<div class=\"elementor-element elementor-element-7930169 elementor-widget elementor-widget-spacer\" data-id=\"7930169\" data-element_type=\"widget\" data-e-type=\"widget\" data-widget_type=\"spacer.default\">\n\t\t\t\t<div class=\"elementor-widget-container\">\n\t\t\t\t\t\t\t<div class=\"elementor-spacer\">\n\t\t\t<div class=\"elementor-spacer-inner\"><\/div>\n\t\t<\/div>\n\t\t\t\t\t\t<\/div>\n\t\t\t\t<\/div>\n\t\t\t\t\t<\/div>\n\t\t\t\t<\/div>\n\t\t\t\t\t<\/div>\n\t\t\t\t<\/div>\n\t\t<div class=\"elementor-element elementor-element-9ec78c5 e-flex e-con-boxed e-con e-parent\" data-id=\"9ec78c5\" data-element_type=\"container\" data-e-type=\"container\" data-settings=\"{&quot;background_background&quot;:&quot;classic&quot;}\">\n\t\t\t\t\t<div class=\"e-con-inner\">\n\t\t\t\t<div class=\"elementor-element elementor-element-79fece8 elementor-widget elementor-widget-heading\" data-id=\"79fece8\" data-element_type=\"widget\" data-e-type=\"widget\" data-widget_type=\"heading.default\">\n\t\t\t\t<div class=\"elementor-widget-container\">\n\t\t\t\t\t<h2 class=\"elementor-heading-title elementor-size-default\">O Programa pretende alcan\u00e7ar dois resultados principais<\/h2>\t\t\t\t<\/div>\n\t\t\t\t<\/div>\n\t\t\t\t\t<\/div>\n\t\t\t\t<\/div>\n\t\t<div class=\"elementor-element elementor-element-f4ad226 e-flex e-con-boxed e-con e-parent\" data-id=\"f4ad226\" data-element_type=\"container\" data-e-type=\"container\">\n\t\t\t\t\t<div class=\"e-con-inner\">\n\t\t\t\t<div class=\"elementor-element elementor-element-977ef5b elementor-widget elementor-widget-text-editor\" data-id=\"977ef5b\" data-element_type=\"widget\" data-e-type=\"widget\" data-widget_type=\"text-editor.default\">\n\t\t\t\t<div class=\"elementor-widget-container\">\n\t\t\t\t\t\t\t\t\t<ul><li><strong>Resultado 1:<\/strong> melhorada a capacidade de resposta das institui\u00e7\u00f5es locais formais e informais de tomada de decis\u00e3o \u00e0s propostas de jovens e mulheres para uma melhor governa\u00e7\u00e3o e desenvolvimento local;<\/li><li><strong>Resultado 2:<\/strong> melhorada a participa\u00e7\u00e3o de jovens dos 14 aos 28 anos de idade e mulheres na tomada de decis\u00f5es e nos processos de desenvolvimento social a n\u00edvel local\/comunit\u00e1rio.<\/li><\/ul>\t\t\t\t\t\t\t\t<\/div>\n\t\t\t\t<\/div>\n\t\t<div class=\"elementor-element elementor-element-0c1e728 e-flex e-con-boxed e-con e-parent\" data-id=\"0c1e728\" data-element_type=\"container\" data-e-type=\"container\">\n\t\t\t\t\t<div class=\"e-con-inner\">\n\t\t\t\t<div class=\"elementor-element elementor-element-94a9929 elementor-widget elementor-widget-spacer\" data-id=\"94a9929\" data-element_type=\"widget\" data-e-type=\"widget\" data-widget_type=\"spacer.default\">\n\t\t\t\t<div class=\"elementor-widget-container\">\n\t\t\t\t\t\t\t<div class=\"elementor-spacer\">\n\t\t\t<div class=\"elementor-spacer-inner\"><\/div>\n\t\t<\/div>\n\t\t\t\t\t\t<\/div>\n\t\t\t\t<\/div>\n\t\t\t\t\t<\/div>\n\t\t\t\t<\/div>\n\t\t\t\t\t<\/div>\n\t\t\t\t<\/div>\n\t\t<div class=\"elementor-element elementor-element-0671009 e-flex e-con-boxed e-con e-parent\" data-id=\"0671009\" data-element_type=\"container\" data-e-type=\"container\" data-settings=\"{&quot;background_background&quot;:&quot;classic&quot;}\">\n\t\t\t\t\t<div class=\"e-con-inner\">\n\t\t\t\t<div class=\"elementor-element elementor-element-9542283 elementor-widget elementor-widget-heading\" data-id=\"9542283\" data-element_type=\"widget\" data-e-type=\"widget\" data-widget_type=\"heading.default\">\n\t\t\t\t<div class=\"elementor-widget-container\">\n\t\t\t\t\t<h2 class=\"elementor-heading-title elementor-size-default\">Actividades do Programa<\/h2>\t\t\t\t<\/div>\n\t\t\t\t<\/div>\n\t\t\t\t\t<\/div>\n\t\t\t\t<\/div>\n\t\t<div class=\"elementor-element elementor-element-c12d292 e-flex e-con-boxed e-con e-parent\" data-id=\"c12d292\" data-element_type=\"container\" data-e-type=\"container\">\n\t\t\t\t\t<div class=\"e-con-inner\">\n\t\t\t\t<div class=\"elementor-element elementor-element-e7db1fe elementor-widget elementor-widget-text-editor\" data-id=\"e7db1fe\" data-element_type=\"widget\" data-e-type=\"widget\" data-widget_type=\"text-editor.default\">\n\t\t\t\t<div class=\"elementor-widget-container\">\n\t\t\t\t\t\t\t\t\t<ul><li>Forma\u00e7\u00e3o em lideran\u00e7a, engajamento c\u00edvico, e governa\u00e7\u00e3o (indiv\u00edduos, comunidades e institui\u00e7\u00f5es);<\/li><li>Cria\u00e7\u00e3o e consolida\u00e7\u00e3o de espa\u00e7os de di\u00e1logo multissectoriais;<\/li><li>Actividades de advocacia e <em>lobby<\/em> abordando quest\u00f5es relevantes para a comunidade;<\/li><li>Monitoria, avalia\u00e7\u00e3o e aprendizagem (avalia\u00e7\u00f5es).<\/li><\/ul>\t\t\t\t\t\t\t\t<\/div>\n\t\t\t\t<\/div>\n\t\t<div class=\"elementor-element elementor-element-eec29ed e-flex e-con-boxed e-con e-parent\" data-id=\"eec29ed\" data-element_type=\"container\" data-e-type=\"container\">\n\t\t\t\t\t<div class=\"e-con-inner\">\n\t\t\t\t<div class=\"elementor-element elementor-element-274e709 elementor-widget elementor-widget-spacer\" data-id=\"274e709\" data-element_type=\"widget\" data-e-type=\"widget\" data-widget_type=\"spacer.default\">\n\t\t\t\t<div class=\"elementor-widget-container\">\n\t\t\t\t\t\t\t<div class=\"elementor-spacer\">\n\t\t\t<div class=\"elementor-spacer-inner\"><\/div>\n\t\t<\/div>\n\t\t\t\t\t\t<\/div>\n\t\t\t\t<\/div>\n\t\t\t\t\t<\/div>\n\t\t\t\t<\/div>\n\t\t\t\t\t<\/div>\n\t\t\t\t<\/div>\n\t\t<div class=\"elementor-element elementor-element-9a8b579 e-flex e-con-boxed e-con e-parent\" data-id=\"9a8b579\" data-element_type=\"container\" data-e-type=\"container\" data-settings=\"{&quot;background_background&quot;:&quot;classic&quot;}\">\n\t\t\t\t\t<div class=\"e-con-inner\">\n\t\t\t\t<div class=\"elementor-element elementor-element-369b187 elementor-widget elementor-widget-heading\" data-id=\"369b187\" data-element_type=\"widget\" data-e-type=\"widget\" data-widget_type=\"heading.default\">\n\t\t\t\t<div class=\"elementor-widget-container\">\n\t\t\t\t\t<h2 class=\"elementor-heading-title elementor-size-default\">Responsabilidade dos parceiros de implementa\u00e7\u00e3o do Programa <\/h2>\t\t\t\t<\/div>\n\t\t\t\t<\/div>\n\t\t<div class=\"elementor-element elementor-element-a72c34b e-flex e-con-boxed e-con e-parent\" data-id=\"a72c34b\" data-element_type=\"container\" data-e-type=\"container\">\n\t\t\t\t\t<div class=\"e-con-inner\">\n\t\t\t\t<div class=\"elementor-element elementor-element-b54d352 elementor-widget elementor-widget-heading\" data-id=\"b54d352\" data-element_type=\"widget\" data-e-type=\"widget\" data-widget_type=\"heading.default\">\n\t\t\t\t<div class=\"elementor-widget-container\">\n\t\t\t\t\t<h2 class=\"elementor-heading-title elementor-size-default\"><a href=\"https:\/\/www.iese.ac.mz\/coesao-social\/fundacao-masc\/\">Funda\u00e7\u00e3o MASC<\/a><\/h2>\t\t\t\t<\/div>\n\t\t\t\t<\/div>\n\t\t\t\t\t<\/div>\n\t\t\t\t<\/div>\n\t\t<div class=\"elementor-element elementor-element-a98abb2 e-flex e-con-boxed e-con e-parent\" data-id=\"a98abb2\" data-element_type=\"container\" data-e-type=\"container\">\n\t\t\t\t\t<div class=\"e-con-inner\">\n\t\t\t\t<div class=\"elementor-element elementor-element-675d572 elementor-widget elementor-widget-text-editor\" data-id=\"675d572\" data-element_type=\"widget\" data-e-type=\"widget\" data-widget_type=\"text-editor.default\">\n\t\t\t\t<div class=\"elementor-widget-container\">\n\t\t\t\t\t\t\t\t\t<ul><li>Selec\u00e7\u00e3o e treinamento de Grupos de Poupan\u00e7a (GPs) e Organiza\u00e7\u00f5es de Desenvolvimento de Aldeias (ODAs) em lideran\u00e7a e engajamento c\u00edvico, meios de subsist\u00eancia, al\u00e9m da operacionaliza\u00e7\u00e3o dos mesmos;<\/li><li>Identifica\u00e7\u00e3o das necessidades das comunidades e implementa\u00e7\u00e3o de respostas locais de forma participativa;<\/li><li>Apoio aos GPs ODAs no acesso a espa\u00e7os seguros de tomada de decis\u00f5es dos governos locais e estabeleciemnto de plataformas de di\u00e1logo.<\/li><\/ul>\t\t\t\t\t\t\t\t<\/div>\n\t\t\t\t<\/div>\n\t\t<div class=\"elementor-element elementor-element-1c26498 e-flex e-con-boxed e-con e-parent\" data-id=\"1c26498\" data-element_type=\"container\" data-e-type=\"container\">\n\t\t\t\t\t<div class=\"e-con-inner\">\n\t\t\t\t<div class=\"elementor-element elementor-element-5f6efac elementor-widget elementor-widget-button\" data-id=\"5f6efac\" data-element_type=\"widget\" data-e-type=\"widget\" data-widget_type=\"button.default\">\n\t\t\t\t<div class=\"elementor-widget-container\">\n\t\t\t\t\t\t\t\t\t<div class=\"elementor-button-wrapper\">\n\t\t\t\t\t<a class=\"elementor-button elementor-button-link elementor-size-sm elementor-animation-shrink\" href=\"https:\/\/www.iese.ac.mz\/coesao-social\/fundacao-masc\/\">\n\t\t\t\t\t\t<span class=\"elementor-button-content-wrapper\">\n\t\t\t\t\t\t\t\t\t<span class=\"elementor-button-text\">Leia mais aqui.<\/span>\n\t\t\t\t\t<\/span>\n\t\t\t\t\t<\/a>\n\t\t\t\t<\/div>\n\t\t\t\t\t\t\t\t<\/div>\n\t\t\t\t<\/div>\n\t\t\t\t\t<\/div>\n\t\t\t\t<\/div>\n\t\t<div class=\"elementor-element elementor-element-3e13cc8 e-flex e-con-boxed e-con e-parent\" data-id=\"3e13cc8\" data-element_type=\"container\" data-e-type=\"container\">\n\t\t\t\t\t<div class=\"e-con-inner\">\n\t\t\t\t<div class=\"elementor-element elementor-element-53f6939 elementor-widget elementor-widget-spacer\" data-id=\"53f6939\" data-element_type=\"widget\" data-e-type=\"widget\" data-widget_type=\"spacer.default\">\n\t\t\t\t<div class=\"elementor-widget-container\">\n\t\t\t\t\t\t\t<div class=\"elementor-spacer\">\n\t\t\t<div class=\"elementor-spacer-inner\"><\/div>\n\t\t<\/div>\n\t\t\t\t\t\t<\/div>\n\t\t\t\t<\/div>\n\t\t\t\t\t<\/div>\n\t\t\t\t<\/div>\n\t\t\t\t\t<\/div>\n\t\t\t\t<\/div>\n\t\t\t\t\t<\/div>\n\t\t\t\t<\/div>\n\t\t<div class=\"elementor-element elementor-element-a72cc02 e-flex e-con-boxed e-con e-parent\" data-id=\"a72cc02\" data-element_type=\"container\" data-e-type=\"container\">\n\t\t\t\t\t<div class=\"e-con-inner\">\n\t\t<div class=\"elementor-element elementor-element-f8a4636 e-flex e-con-boxed e-con e-parent\" data-id=\"f8a4636\" data-element_type=\"container\" data-e-type=\"container\">\n\t\t\t\t\t<div class=\"e-con-inner\">\n\t\t\t\t<div class=\"elementor-element elementor-element-fa1db06 elementor-widget elementor-widget-heading\" data-id=\"fa1db06\" data-element_type=\"widget\" data-e-type=\"widget\" data-widget_type=\"heading.default\">\n\t\t\t\t<div class=\"elementor-widget-container\">\n\t\t\t\t\t<h2 class=\"elementor-heading-title elementor-size-default\"><a href=\"https:\/\/www.iese.ac.mz\/coesao-social\/cdd\/\">CDD<\/a><\/h2>\t\t\t\t<\/div>\n\t\t\t\t<\/div>\n\t\t\t\t\t<\/div>\n\t\t\t\t<\/div>\n\t\t<div class=\"elementor-element elementor-element-0e96785 e-flex e-con-boxed e-con e-parent\" data-id=\"0e96785\" data-element_type=\"container\" data-e-type=\"container\">\n\t\t\t\t\t<div class=\"e-con-inner\">\n\t\t\t\t<div class=\"elementor-element elementor-element-f051b83 elementor-widget elementor-widget-text-editor\" data-id=\"f051b83\" data-element_type=\"widget\" data-e-type=\"widget\" data-widget_type=\"text-editor.default\">\n\t\t\t\t<div class=\"elementor-widget-container\">\n\t\t\t\t\t\t\t\t\t<ul><li>Treinamento de 180 l\u00edderes juvenis (idades 18-28 anos) em lideran\u00e7a, engajamento c\u00edvico, empreendedorismo e habilidades para o s\u00e9culo XXI;<\/li><li>Cria\u00e7\u00e3o de seis Centros de Jovens para promover a participa\u00e7\u00e3o activa dos adolescentes e jovens nas suas comunidades, programas de desenvolvimento social e empreendedorismo;<\/li><li>Apoio aos Centros de Jovens e jovens activistas no acesso a espa\u00e7os seguros de tomada de decis\u00f5es dos governos locais e plataformas de di\u00e1logo.<\/li><\/ul>\t\t\t\t\t\t\t\t<\/div>\n\t\t\t\t<\/div>\n\t\t\t\t<div class=\"elementor-element elementor-element-5e2841d elementor-widget elementor-widget-button\" data-id=\"5e2841d\" data-element_type=\"widget\" data-e-type=\"widget\" data-widget_type=\"button.default\">\n\t\t\t\t<div class=\"elementor-widget-container\">\n\t\t\t\t\t\t\t\t\t<div class=\"elementor-button-wrapper\">\n\t\t\t\t\t<a class=\"elementor-button elementor-button-link elementor-size-sm elementor-animation-shrink\" href=\"https:\/\/www.iese.ac.mz\/coesao-social\/cdd\/\">\n\t\t\t\t\t\t<span class=\"elementor-button-content-wrapper\">\n\t\t\t\t\t\t\t\t\t<span class=\"elementor-button-text\">Leia mais aqui<\/span>\n\t\t\t\t\t<\/span>\n\t\t\t\t\t<\/a>\n\t\t\t\t<\/div>\n\t\t\t\t\t\t\t\t<\/div>\n\t\t\t\t<\/div>\n\t\t\t\t\t<\/div>\n\t\t\t\t<\/div>\n\t\t<div class=\"elementor-element elementor-element-4fa9a42 e-flex e-con-boxed e-con e-parent\" data-id=\"4fa9a42\" data-element_type=\"container\" data-e-type=\"container\">\n\t\t\t\t\t<div class=\"e-con-inner\">\n\t\t\t\t<div class=\"elementor-element elementor-element-aac0187 elementor-widget elementor-widget-spacer\" data-id=\"aac0187\" data-element_type=\"widget\" data-e-type=\"widget\" data-widget_type=\"spacer.default\">\n\t\t\t\t<div class=\"elementor-widget-container\">\n\t\t\t\t\t\t\t<div class=\"elementor-spacer\">\n\t\t\t<div class=\"elementor-spacer-inner\"><\/div>\n\t\t<\/div>\n\t\t\t\t\t\t<\/div>\n\t\t\t\t<\/div>\n\t\t\t\t\t<\/div>\n\t\t\t\t<\/div>\n\t\t<div class=\"elementor-element elementor-element-86ea19c e-flex e-con-boxed e-con e-parent\" data-id=\"86ea19c\" data-element_type=\"container\" data-e-type=\"container\">\n\t\t\t\t\t<div class=\"e-con-inner\">\n\t\t\t\t<div class=\"elementor-element elementor-element-8abe063 elementor-widget elementor-widget-heading\" data-id=\"8abe063\" data-element_type=\"widget\" data-e-type=\"widget\" data-widget_type=\"heading.default\">\n\t\t\t\t<div class=\"elementor-widget-container\">\n\t\t\t\t\t<h2 class=\"elementor-heading-title elementor-size-default\"><a href=\"https:\/\/www.iese.ac.mz\/coesao-social\/iese\/\">IESE<\/a><\/h2>\t\t\t\t<\/div>\n\t\t\t\t<\/div>\n\t\t\t\t\t<\/div>\n\t\t\t\t<\/div>\n\t\t\t\t<div class=\"elementor-element elementor-element-9f517fb elementor-widget elementor-widget-text-editor\" data-id=\"9f517fb\" data-element_type=\"widget\" data-e-type=\"widget\" data-widget_type=\"text-editor.default\">\n\t\t\t\t<div class=\"elementor-widget-container\">\n\t\t\t\t\t\t\t\t\t<ul><li>Desenvolvimento de um sistema de Monitoria, Avalia\u00e7\u00e3o, Presta\u00e7\u00e3o de contas e Aprendizagem (MEAL);<\/li><li>Condu\u00e7\u00e3o de pesquisas, como \u2018Bar\u00f3metro da Coes\u00e3o Social\u2019, Avalia\u00e7\u00f5es de Base, An\u00e1lises de Economia Pol\u00edtica local, Estudos de Caso, Boas Pr\u00e1ticas e produzir <em>Policy briefs<\/em>.<\/li><\/ul>\t\t\t\t\t\t\t\t<\/div>\n\t\t\t\t<\/div>\n\t\t<div class=\"elementor-element elementor-element-69a6ab1 e-flex e-con-boxed e-con e-parent\" data-id=\"69a6ab1\" data-element_type=\"container\" data-e-type=\"container\">\n\t\t\t\t\t<div class=\"e-con-inner\">\n\t\t\t\t<div class=\"elementor-element elementor-element-4698d48 elementor-widget elementor-widget-button\" data-id=\"4698d48\" data-element_type=\"widget\" data-e-type=\"widget\" data-widget_type=\"button.default\">\n\t\t\t\t<div class=\"elementor-widget-container\">\n\t\t\t\t\t\t\t\t\t<div class=\"elementor-button-wrapper\">\n\t\t\t\t\t<a class=\"elementor-button elementor-button-link elementor-size-sm elementor-animation-shrink\" href=\"#\">\n\t\t\t\t\t\t<span class=\"elementor-button-content-wrapper\">\n\t\t\t\t\t\t\t\t\t<span class=\"elementor-button-text\">Aceda aos relat\u00f3rios do Programa aqui.<\/span>\n\t\t\t\t\t<\/span>\n\t\t\t\t\t<\/a>\n\t\t\t\t<\/div>\n\t\t\t\t\t\t\t\t<\/div>\n\t\t\t\t<\/div>\n\t\t\t\t<div class=\"elementor-element elementor-element-7179f0e elementor-widget elementor-widget-spacer\" data-id=\"7179f0e\" data-element_type=\"widget\" data-e-type=\"widget\" data-widget_type=\"spacer.default\">\n\t\t\t\t<div class=\"elementor-widget-container\">\n\t\t\t\t\t\t\t<div class=\"elementor-spacer\">\n\t\t\t<div class=\"elementor-spacer-inner\"><\/div>\n\t\t<\/div>\n\t\t\t\t\t\t<\/div>\n\t\t\t\t<\/div>\n\t\t\t\t\t<\/div>\n\t\t\t\t<\/div>\n\t\t<div class=\"elementor-element elementor-element-7913c52 e-flex e-con-boxed e-con e-parent\" data-id=\"7913c52\" data-element_type=\"container\" data-e-type=\"container\">\n\t\t\t\t\t<div class=\"e-con-inner\">\n\t\t\t\t<div class=\"elementor-element elementor-element-d2ef13d elementor-widget-divider--view-line elementor-widget elementor-widget-divider\" data-id=\"d2ef13d\" data-element_type=\"widget\" data-e-type=\"widget\" data-widget_type=\"divider.default\">\n\t\t\t\t<div class=\"elementor-widget-container\">\n\t\t\t\t\t\t\t<div class=\"elementor-divider\">\n\t\t\t<span class=\"elementor-divider-separator\">\n\t\t\t\t\t\t<\/span>\n\t\t<\/div>\n\t\t\t\t\t\t<\/div>\n\t\t\t\t<\/div>\n\t\t\t\t\t<\/div>\n\t\t\t\t<\/div>\n\t\t\t\t\t<\/div>\n\t\t\t\t<\/div>\n\t\t\t\t<\/div>\n\t\t","protected":false},"excerpt":{"rendered":"<p>Sobre o Programa COES\u00c3O O programa \u201cCOES\u00c3O \u2013 Ac\u00e7\u00e3o da Sociedade Civil para a Coes\u00e3o Social no Norte de Mo\u00e7ambique\u201d visa fortalecer a coes\u00e3o social nas prov\u00edncias do Norte de [&hellip;]<\/p>\n","protected":false},"author":1,"featured_media":0,"parent":0,"menu_order":0,"comment_status":"closed","ping_status":"closed","template":"","meta":{"give_campaign_id":0,"footnotes":""},"class_list":["post-494","page","type-page","status-publish","hentry","has-post-title","has-post-date","has-post-category","has-post-tag","has-post-comment","has-post-author",""],"campaignId":"","jetpack_sharing_enabled":true,"builder_content":"","_links":{"self":[{"href":"https:\/\/www.iese.ac.mz\/coesao-social\/wp-json\/wp\/v2\/pages\/494","targetHints":{"allow":["GET"]}}],"collection":[{"href":"https:\/\/www.iese.ac.mz\/coesao-social\/wp-json\/wp\/v2\/pages"}],"about":[{"href":"https:\/\/www.iese.ac.mz\/coesao-social\/wp-json\/wp\/v2\/types\/page"}],"author":[{"embeddable":true,"href":"https:\/\/www.iese.ac.mz\/coesao-social\/wp-json\/wp\/v2\/users\/1"}],"replies":[{"embeddable":true,"href":"https:\/\/www.iese.ac.mz\/coesao-social\/wp-json\/wp\/v2\/comments?post=494"}],"version-history":[{"count":169,"href":"https:\/\/www.iese.ac.mz\/coesao-social\/wp-json\/wp\/v2\/pages\/494\/revisions"}],"predecessor-version":[{"id":1704,"href":"https:\/\/www.iese.ac.mz\/coesao-social\/wp-json\/wp\/v2\/pages\/494\/revisions\/1704"}],"wp:attachment":[{"href":"https:\/\/www.iese.ac.mz\/coesao-social\/wp-json\/wp\/v2\/media?parent=494"}],"curies":[{"name":"wp","href":"https:\/\/api.w.org\/{rel}","templated":true}]}}