{"id":501,"date":"2023-08-14T12:59:08","date_gmt":"2023-08-14T12:59:08","guid":{"rendered":"https:\/\/www.iese.ac.mz\/coesao-social\/?page_id=501"},"modified":"2023-10-20T10:52:09","modified_gmt":"2023-10-20T10:52:09","slug":"fundacao-masc","status":"publish","type":"page","link":"https:\/\/www.iese.ac.mz\/coesao-social\/fundacao-masc\/","title":{"rendered":"Funda\u00e7\u00e3o MASC"},"content":{"rendered":"\t\t<div data-elementor-type=\"wp-page\" data-elementor-id=\"501\" class=\"elementor elementor-501\" data-elementor-post-type=\"page\">\n\t\t\t\t<div class=\"elementor-element elementor-element-e68469e e-flex e-con-boxed e-con e-parent\" data-id=\"e68469e\" data-element_type=\"container\" data-e-type=\"container\">\n\t\t\t\t\t<div class=\"e-con-inner\">\n\t\t\t\t<div class=\"elementor-element elementor-element-b980b46 elementor-widget elementor-widget-heading\" data-id=\"b980b46\" data-element_type=\"widget\" data-e-type=\"widget\" data-widget_type=\"heading.default\">\n\t\t\t\t<div class=\"elementor-widget-container\">\n\t\t\t\t\t<h2 class=\"elementor-heading-title elementor-size-default\"><a href=\"https:\/\/masc.org.mz\/\">A Funda\u00e7\u00e3o MASC \u00e9 respons\u00e1vel pela realiza\u00e7\u00e3o dos seguintes produtos:<\/a><\/h2>\t\t\t\t<\/div>\n\t\t\t\t<\/div>\n\t\t\t\t\t<\/div>\n\t\t\t\t<\/div>\n\t\t<div class=\"elementor-element elementor-element-e942944 e-flex e-con-boxed e-con e-parent\" data-id=\"e942944\" data-element_type=\"container\" data-e-type=\"container\">\n\t\t\t\t\t<div class=\"e-con-inner\">\n\t\t\t\t<div class=\"elementor-element elementor-element-5b0b6d8 elementor-widget elementor-widget-text-editor\" data-id=\"5b0b6d8\" data-element_type=\"widget\" data-e-type=\"widget\" data-widget_type=\"text-editor.default\">\n\t\t\t\t<div class=\"elementor-widget-container\">\n\t\t\t\t\t\t\t\t\t<ul><li>Selec\u00e7\u00e3o e treinamento de Grupos de Poupan\u00e7a (GPs) e Organiza\u00e7\u00f5es de Desenvolvimento de Aldeias (ODAs) em lideran\u00e7a e engajamento c\u00edvico, meios de subsist\u00eancia, al\u00e9m da operacionaliza\u00e7\u00e3o dos mesmos;<\/li><li>Identifica\u00e7\u00e3o das necessidades das comunidades e implementa\u00e7\u00e3o de respostas locais de forma participativa;<\/li><li>Apoio aos GPs ODAs no acesso a espa\u00e7os seguros de tomada de decis\u00f5es dos governos locais e estabeleciemnto de plataformas de di\u00e1logo.<\/li><\/ul><p>O programa visa viabilizar oportunidades de participa\u00e7\u00e3o conjunta de cidad\u00e3os na sua comunidade no sentido de identifica\u00e7\u00e3o de necessidades na comunidade e implementa\u00e7\u00e3o de planos e programas de desenvolvimento social e empreendedorismo. Estes processos de entreajuda ir\u00e3o contribuir para um maior contacto entre cidad\u00e3os, rela\u00e7\u00f5es de reciprocidade e solidariedade dentro da comunidade (coes\u00e3o horizontal).<\/p><p>As mulheres de GPs e ODAs participar\u00e3o em mecanismos de tomada de decis\u00f5es ao n\u00edvel mais b\u00e1sico (comit\u00e9s de \u00e1gua, saneamento, comit\u00e9s de sa\u00fade, conselhos de escola, etc). As mesmas ir\u00e3o realizar mesas redondas viabilizando o contacto com autoridades. Ser\u00e3o apresentadas propostas de planos de ac\u00e7\u00e3o a autoridades locais e registadas as medidas que forem adoptadas.<\/p><p>Os GPs da Funda\u00e7\u00e3o MASC s\u00e3o associa\u00e7\u00f5es de poupan\u00e7a e cr\u00e9dito rotativo que promovem o acesso da popula\u00e7\u00e3o de baixa renda aos servi\u00e7os financeiros. A gest\u00e3o financeira dos grupos \u00e9 feita pelos pr\u00f3prios membros seguindo uma metodologia que permite substituir as garantias formais por garantias morais. A Funda\u00e7\u00e3o MASC usa os GPs como ponto de entrada para promover melhorias nas condi\u00e7\u00f5es econ\u00f3mica, pol\u00edtica e social paras as mulheres, as suas fam\u00edlias e as comunidades onde elas residem. Neste programa, os GPs s\u00e3o compostos por cerca de 20 mulheres.<\/p><p>As ODAs s\u00e3o \u00f3rg\u00e3os compostos por representantes de v\u00e1rias \u00e1reas numa determinada aldeia que tamb\u00e9m discutem v\u00e1rias tem\u00e1ticas e prop\u00f5em solu\u00e7\u00f5es para os problemas de suas comunidades nos diversos sectores, tais como \u00e1gua e saneamento, sa\u00fade, educa\u00e7\u00e3o, agricultura, entre outros.<\/p>\t\t\t\t\t\t\t\t<\/div>\n\t\t\t\t<\/div>\n\t\t\t\t\t<\/div>\n\t\t\t\t<\/div>\n\t\t<div class=\"elementor-element elementor-element-b0029c8 e-flex e-con-boxed e-con e-parent\" data-id=\"b0029c8\" data-element_type=\"container\" data-e-type=\"container\">\n\t\t\t\t\t<div class=\"e-con-inner\">\n\t\t\t\t<div class=\"elementor-element elementor-element-3069680 elementor-widget elementor-widget-heading\" data-id=\"3069680\" data-element_type=\"widget\" data-e-type=\"widget\" data-widget_type=\"heading.default\">\n\t\t\t\t<div class=\"elementor-widget-container\">\n\t\t\t\t\t<h2 class=\"elementor-heading-title elementor-size-default\"><a href=\"https:\/\/masc.org.mz\/\">Website Funda\u00e7\u00e3o MASC<\/a><\/h2>\t\t\t\t<\/div>\n\t\t\t\t<\/div>\n\t\t\t\t\t<\/div>\n\t\t\t\t<\/div>\n\t\t\t\t<\/div>\n\t\t","protected":false},"excerpt":{"rendered":"<p>A Funda\u00e7\u00e3o MASC \u00e9 respons\u00e1vel pela realiza\u00e7\u00e3o dos seguintes produtos: Selec\u00e7\u00e3o e treinamento de Grupos de Poupan\u00e7a (GPs) e Organiza\u00e7\u00f5es de Desenvolvimento de Aldeias (ODAs) em lideran\u00e7a e engajamento c\u00edvico, [&hellip;]<\/p>\n","protected":false},"author":1,"featured_media":0,"parent":0,"menu_order":0,"comment_status":"closed","ping_status":"closed","template":"","meta":{"give_campaign_id":0,"footnotes":""},"class_list":["post-501","page","type-page","status-publish","hentry","has-post-title","has-post-date","has-post-category","has-post-tag","has-post-comment","has-post-author",""],"campaignId":"","jetpack_sharing_enabled":true,"builder_content":"","_links":{"self":[{"href":"https:\/\/www.iese.ac.mz\/coesao-social\/wp-json\/wp\/v2\/pages\/501","targetHints":{"allow":["GET"]}}],"collection":[{"href":"https:\/\/www.iese.ac.mz\/coesao-social\/wp-json\/wp\/v2\/pages"}],"about":[{"href":"https:\/\/www.iese.ac.mz\/coesao-social\/wp-json\/wp\/v2\/types\/page"}],"author":[{"embeddable":true,"href":"https:\/\/www.iese.ac.mz\/coesao-social\/wp-json\/wp\/v2\/users\/1"}],"replies":[{"embeddable":true,"href":"https:\/\/www.iese.ac.mz\/coesao-social\/wp-json\/wp\/v2\/comments?post=501"}],"version-history":[{"count":7,"href":"https:\/\/www.iese.ac.mz\/coesao-social\/wp-json\/wp\/v2\/pages\/501\/revisions"}],"predecessor-version":[{"id":1434,"href":"https:\/\/www.iese.ac.mz\/coesao-social\/wp-json\/wp\/v2\/pages\/501\/revisions\/1434"}],"wp:attachment":[{"href":"https:\/\/www.iese.ac.mz\/coesao-social\/wp-json\/wp\/v2\/media?parent=501"}],"curies":[{"name":"wp","href":"https:\/\/api.w.org\/{rel}","templated":true}]}}