{"id":504,"date":"2023-08-14T12:59:35","date_gmt":"2023-08-14T12:59:35","guid":{"rendered":"https:\/\/www.iese.ac.mz\/coesao-social\/?page_id=504"},"modified":"2023-12-19T12:40:37","modified_gmt":"2023-12-19T12:40:37","slug":"cooperacao-suica","status":"publish","type":"page","link":"https:\/\/www.iese.ac.mz\/coesao-social\/cooperacao-suica\/","title":{"rendered":"Embaixada da Su\u00ed\u00e7a"},"content":{"rendered":"\t\t<div data-elementor-type=\"wp-page\" data-elementor-id=\"504\" class=\"elementor elementor-504\" data-elementor-post-type=\"page\">\n\t\t\t\t<div class=\"elementor-element elementor-element-f554569 e-flex e-con-boxed e-con e-parent\" data-id=\"f554569\" data-element_type=\"container\" data-e-type=\"container\">\n\t\t\t\t\t<div class=\"e-con-inner\">\n\t\t\t\t<div class=\"elementor-element elementor-element-727e36e elementor-widget elementor-widget-heading\" data-id=\"727e36e\" data-element_type=\"widget\" data-e-type=\"widget\" data-widget_type=\"heading.default\">\n\t\t\t\t<div class=\"elementor-widget-container\">\n\t\t\t\t\t<h2 class=\"elementor-heading-title elementor-size-default\"><a href=\"https:\/\/www.eda.admin.ch\/countries\/mozambique\/pt\/home\/representacoes\/embaixada.html\">Responsabilidade SDC: Programa Coes\u00e3o<\/a><\/h2>\t\t\t\t<\/div>\n\t\t\t\t<\/div>\n\t\t\t\t\t<\/div>\n\t\t\t\t<\/div>\n\t\t<div class=\"elementor-element elementor-element-1936862 e-flex e-con-boxed e-con e-parent\" data-id=\"1936862\" data-element_type=\"container\" data-e-type=\"container\">\n\t\t\t\t\t<div class=\"e-con-inner\">\n\t\t\t\t<div class=\"elementor-element elementor-element-fff7e08 elementor-widget elementor-widget-text-editor\" data-id=\"fff7e08\" data-element_type=\"widget\" data-e-type=\"widget\" data-widget_type=\"text-editor.default\">\n\t\t\t\t<div class=\"elementor-widget-container\">\n\t\t\t\t\t\t\t\t\t<p>A Embaixada da Su\u00ed\u00e7a em Mo\u00e7ambique \u00e9 o parceiro financiador do Programa Coes\u00e3o. \u00c9 respons\u00e1vel pela lideran\u00e7a e direc\u00e7\u00e3o estrat\u00e9gica da implementa\u00e7\u00e3o da iniciativa do programa a partir da sua sede em Maputo. Suas tarefas incluem acompnahar, rever e aprovar os planos e relat\u00f3rios, incluindo supervisionar os planos de comunica\u00e7\u00e3o e advocacia\/lobby do programa.<\/p>\t\t\t\t\t\t\t\t<\/div>\n\t\t\t\t<\/div>\n\t\t\t\t\t<\/div>\n\t\t\t\t<\/div>\n\t\t<div class=\"elementor-element elementor-element-a2f424e e-flex e-con-boxed e-con e-parent\" data-id=\"a2f424e\" data-element_type=\"container\" data-e-type=\"container\">\n\t\t\t\t\t<div class=\"e-con-inner\">\n\t\t\t\t<div class=\"elementor-element elementor-element-b3a3269 elementor-widget elementor-widget-heading\" data-id=\"b3a3269\" data-element_type=\"widget\" data-e-type=\"widget\" data-widget_type=\"heading.default\">\n\t\t\t\t<div class=\"elementor-widget-container\">\n\t\t\t\t\t<h2 class=\"elementor-heading-title elementor-size-default\"><a href=\"https:\/\/www.eda.admin.ch\/countries\/mozambique\/pt\/home\/representacoes\/embaixada.html\">Website SDC - Mo\u00e7ambique<\/a><\/h2>\t\t\t\t<\/div>\n\t\t\t\t<\/div>\n\t\t\t\t\t<\/div>\n\t\t\t\t<\/div>\n\t\t\t\t<\/div>\n\t\t","protected":false},"excerpt":{"rendered":"<p>Responsabilidade SDC: Programa Coes\u00e3o A Embaixada da Su\u00ed\u00e7a em Mo\u00e7ambique \u00e9 o parceiro financiador do Programa Coes\u00e3o. \u00c9 respons\u00e1vel pela lideran\u00e7a e direc\u00e7\u00e3o estrat\u00e9gica da implementa\u00e7\u00e3o da iniciativa do programa [&hellip;]<\/p>\n","protected":false},"author":1,"featured_media":0,"parent":0,"menu_order":0,"comment_status":"closed","ping_status":"closed","template":"","meta":{"give_campaign_id":0,"footnotes":""},"class_list":["post-504","page","type-page","status-publish","hentry","has-post-title","has-post-date","has-post-category","has-post-tag","has-post-comment","has-post-author",""],"campaignId":"","jetpack_sharing_enabled":true,"builder_content":"","_links":{"self":[{"href":"https:\/\/www.iese.ac.mz\/coesao-social\/wp-json\/wp\/v2\/pages\/504","targetHints":{"allow":["GET"]}}],"collection":[{"href":"https:\/\/www.iese.ac.mz\/coesao-social\/wp-json\/wp\/v2\/pages"}],"about":[{"href":"https:\/\/www.iese.ac.mz\/coesao-social\/wp-json\/wp\/v2\/types\/page"}],"author":[{"embeddable":true,"href":"https:\/\/www.iese.ac.mz\/coesao-social\/wp-json\/wp\/v2\/users\/1"}],"replies":[{"embeddable":true,"href":"https:\/\/www.iese.ac.mz\/coesao-social\/wp-json\/wp\/v2\/comments?post=504"}],"version-history":[{"count":20,"href":"https:\/\/www.iese.ac.mz\/coesao-social\/wp-json\/wp\/v2\/pages\/504\/revisions"}],"predecessor-version":[{"id":1694,"href":"https:\/\/www.iese.ac.mz\/coesao-social\/wp-json\/wp\/v2\/pages\/504\/revisions\/1694"}],"wp:attachment":[{"href":"https:\/\/www.iese.ac.mz\/coesao-social\/wp-json\/wp\/v2\/media?parent=504"}],"curies":[{"name":"wp","href":"https:\/\/api.w.org\/{rel}","templated":true}]}}