{"id":58,"date":"2023-07-18T09:42:49","date_gmt":"2023-07-18T09:42:49","guid":{"rendered":"https:\/\/www.iese.ac.mz\/coesao-social\/?page_id=58"},"modified":"2023-10-20T10:09:51","modified_gmt":"2023-10-20T10:09:51","slug":"equipa","status":"publish","type":"page","link":"https:\/\/www.iese.ac.mz\/coesao-social\/equipa\/","title":{"rendered":"Equipa"},"content":{"rendered":"\t\t<div data-elementor-type=\"wp-page\" data-elementor-id=\"58\" class=\"elementor elementor-58\" data-elementor-post-type=\"page\">\n\t\t\t\t<div class=\"elementor-element elementor-element-c464054 e-flex e-con-boxed e-con e-parent\" data-id=\"c464054\" data-element_type=\"container\" data-e-type=\"container\">\n\t\t\t\t\t<div class=\"e-con-inner\">\n\t\t\t\t<div class=\"elementor-element elementor-element-8807a52 elementor-widget elementor-widget-heading\" data-id=\"8807a52\" data-element_type=\"widget\" data-e-type=\"widget\" data-widget_type=\"heading.default\">\n\t\t\t\t<div class=\"elementor-widget-container\">\n\t\t\t\t\t<h2 class=\"elementor-heading-title elementor-size-default\">Equipa do IESE<\/h2>\t\t\t\t<\/div>\n\t\t\t\t<\/div>\n\t\t\t\t\t<\/div>\n\t\t\t\t<\/div>\n\t\t<div class=\"elementor-element elementor-element-7c5b53f e-flex e-con-boxed e-con e-parent\" data-id=\"7c5b53f\" data-element_type=\"container\" data-e-type=\"container\" data-settings=\"{&quot;background_background&quot;:&quot;classic&quot;}\">\n\t\t\t\t\t<div class=\"e-con-inner\">\n\t\t<div class=\"elementor-element elementor-element-4c6a0aa e-flex e-con-boxed e-con e-parent\" data-id=\"4c6a0aa\" data-element_type=\"container\" data-e-type=\"container\" data-settings=\"{&quot;background_background&quot;:&quot;classic&quot;}\">\n\t\t\t\t\t<div class=\"e-con-inner\">\n\t\t\t\t<div class=\"elementor-element elementor-element-dba31be elementor-position-top elementor-widget elementor-widget-image-box\" data-id=\"dba31be\" data-element_type=\"widget\" data-e-type=\"widget\" data-widget_type=\"image-box.default\">\n\t\t\t\t<div class=\"elementor-widget-container\">\n\t\t\t\t\t<div class=\"elementor-image-box-wrapper\"><figure class=\"elementor-image-box-img\"><a href=\"#\" tabindex=\"-1\"><img decoding=\"async\" src=\"https:\/\/i0.wp.com\/www.iese.ac.mz\/coesao-social\/wp-content\/uploads\/2023\/08\/sf2.png?fit=179%2C179&#038;ssl=1\" title=\"sf2\" alt=\"sf2\" loading=\"lazy\" \/><\/a><\/figure><div class=\"elementor-image-box-content\"><h3 class=\"elementor-image-box-title\"><a href=\"#\">Salvador Forquilha<\/a><\/h3><p class=\"elementor-image-box-description\">Coordenador\n<\/p><\/div><\/div>\t\t\t\t<\/div>\n\t\t\t\t<\/div>\n\t\t\t\t<div class=\"elementor-element elementor-element-315db75 elementor-position-top elementor-widget elementor-widget-image-box\" data-id=\"315db75\" data-element_type=\"widget\" data-e-type=\"widget\" data-widget_type=\"image-box.default\">\n\t\t\t\t<div class=\"elementor-widget-container\">\n\t\t\t\t\t<div class=\"elementor-image-box-wrapper\"><figure class=\"elementor-image-box-img\"><a href=\"#\" tabindex=\"-1\"><img decoding=\"async\" src=\"https:\/\/i0.wp.com\/www.iese.ac.mz\/coesao-social\/wp-content\/uploads\/2023\/08\/po.jpg?fit=225%2C225&#038;ssl=1\" title=\"po\" alt=\"po\" loading=\"lazy\" \/><\/a><\/figure><div class=\"elementor-image-box-content\"><h3 class=\"elementor-image-box-title\"><a href=\"#\">Patr\u00edcia Oliveira<\/a><\/h3><\/div><\/div>\t\t\t\t<\/div>\n\t\t\t\t<\/div>\n\t\t\t\t<div class=\"elementor-element elementor-element-8a466e5 elementor-position-top elementor-widget elementor-widget-image-box\" data-id=\"8a466e5\" data-element_type=\"widget\" data-e-type=\"widget\" data-widget_type=\"image-box.default\">\n\t\t\t\t<div class=\"elementor-widget-container\">\n\t\t\t\t\t<div class=\"elementor-image-box-wrapper\"><figure class=\"elementor-image-box-img\"><a href=\"#\" tabindex=\"-1\"><img decoding=\"async\" src=\"https:\/\/i0.wp.com\/www.iese.ac.mz\/coesao-social\/wp-content\/uploads\/2023\/08\/eg.jpg?fit=165%2C165&#038;ssl=1\" title=\"eg\" alt=\"eg\" loading=\"lazy\" \/><\/a><\/figure><div class=\"elementor-image-box-content\"><h3 class=\"elementor-image-box-title\"><a href=\"#\">Euclides Gon\u00e7alves<\/a><\/h3><\/div><\/div>\t\t\t\t<\/div>\n\t\t\t\t<\/div>\n\t\t\t\t\t<\/div>\n\t\t\t\t<\/div>\n\t\t\t\t\t<\/div>\n\t\t\t\t<\/div>\n\t\t<div class=\"elementor-element elementor-element-5a14ad8 e-flex e-con-boxed e-con e-parent\" data-id=\"5a14ad8\" data-element_type=\"container\" data-e-type=\"container\">\n\t\t\t\t\t<div class=\"e-con-inner\">\n\t\t\t\t<div class=\"elementor-element elementor-element-d5b2b15 elementor-widget elementor-widget-heading\" data-id=\"d5b2b15\" data-element_type=\"widget\" data-e-type=\"widget\" data-widget_type=\"heading.default\">\n\t\t\t\t<div class=\"elementor-widget-container\">\n\t\t\t\t\t<h2 class=\"elementor-heading-title elementor-size-default\">Equipa do CDD <\/h2>\t\t\t\t<\/div>\n\t\t\t\t<\/div>\n\t\t\t\t\t<\/div>\n\t\t\t\t<\/div>\n\t\t<div class=\"elementor-element elementor-element-d26c8e8 e-flex e-con-boxed e-con e-parent\" data-id=\"d26c8e8\" data-element_type=\"container\" data-e-type=\"container\" data-settings=\"{&quot;background_background&quot;:&quot;gradient&quot;}\">\n\t\t\t\t\t<div class=\"e-con-inner\">\n\t\t<div class=\"elementor-element elementor-element-06f9f04 e-flex e-con-boxed e-con e-parent\" data-id=\"06f9f04\" data-element_type=\"container\" data-e-type=\"container\" data-settings=\"{&quot;background_background&quot;:&quot;classic&quot;}\">\n\t\t\t\t\t<div class=\"e-con-inner\">\n\t\t\t\t<div class=\"elementor-element elementor-element-ede41c3 elementor-position-top elementor-widget elementor-widget-image-box\" data-id=\"ede41c3\" data-element_type=\"widget\" data-e-type=\"widget\" data-widget_type=\"image-box.default\">\n\t\t\t\t<div class=\"elementor-widget-container\">\n\t\t\t\t\t<div class=\"elementor-image-box-wrapper\"><figure class=\"elementor-image-box-img\"><a href=\"#\" tabindex=\"-1\"><img decoding=\"async\" src=\"https:\/\/i0.wp.com\/www.iese.ac.mz\/coesao-social\/wp-content\/uploads\/2023\/10\/temp.png?fit=250%2C250&#038;ssl=1\" title=\"temp\" alt=\"temp\" loading=\"lazy\" \/><\/a><\/figure><div class=\"elementor-image-box-content\"><h3 class=\"elementor-image-box-title\"><a href=\"#\">Am\u00e9rico Maluana<\/a><\/h3><p class=\"elementor-image-box-description\">Coordenador MEL<\/p><\/div><\/div>\t\t\t\t<\/div>\n\t\t\t\t<\/div>\n\t\t\t\t<div class=\"elementor-element elementor-element-fcd7d02 elementor-position-top elementor-widget elementor-widget-image-box\" data-id=\"fcd7d02\" data-element_type=\"widget\" data-e-type=\"widget\" data-widget_type=\"image-box.default\">\n\t\t\t\t<div class=\"elementor-widget-container\">\n\t\t\t\t\t<div class=\"elementor-image-box-wrapper\"><figure class=\"elementor-image-box-img\"><a href=\"#\" tabindex=\"-1\"><img decoding=\"async\" src=\"https:\/\/i0.wp.com\/www.iese.ac.mz\/coesao-social\/wp-content\/uploads\/2023\/10\/temp.png?fit=250%2C250&#038;ssl=1\" title=\"temp\" alt=\"temp\" loading=\"lazy\" \/><\/a><\/figure><div class=\"elementor-image-box-content\"><h3 class=\"elementor-image-box-title\"><a href=\"#\">Palmira Revula<\/a><\/h3><p class=\"elementor-image-box-description\">Nampula<\/p><\/div><\/div>\t\t\t\t<\/div>\n\t\t\t\t<\/div>\n\t\t\t\t<div class=\"elementor-element elementor-element-2916a27 elementor-position-top elementor-widget elementor-widget-image-box\" data-id=\"2916a27\" data-element_type=\"widget\" data-e-type=\"widget\" data-widget_type=\"image-box.default\">\n\t\t\t\t<div class=\"elementor-widget-container\">\n\t\t\t\t\t<div class=\"elementor-image-box-wrapper\"><figure class=\"elementor-image-box-img\"><a href=\"#\" tabindex=\"-1\"><img decoding=\"async\" src=\"https:\/\/i0.wp.com\/www.iese.ac.mz\/coesao-social\/wp-content\/uploads\/2023\/10\/temp.png?fit=250%2C250&#038;ssl=1\" title=\"temp\" alt=\"temp\" loading=\"lazy\" \/><\/a><\/figure><div class=\"elementor-image-box-content\"><h3 class=\"elementor-image-box-title\"><a href=\"#\">xxxxxxxxx<\/a><\/h3><p class=\"elementor-image-box-description\">Montepuez<\/p><\/div><\/div>\t\t\t\t<\/div>\n\t\t\t\t<\/div>\n\t\t\t\t<div class=\"elementor-element elementor-element-b85e717 elementor-position-top elementor-widget elementor-widget-image-box\" data-id=\"b85e717\" data-element_type=\"widget\" data-e-type=\"widget\" data-widget_type=\"image-box.default\">\n\t\t\t\t<div class=\"elementor-widget-container\">\n\t\t\t\t\t<div class=\"elementor-image-box-wrapper\"><figure class=\"elementor-image-box-img\"><a href=\"#\" tabindex=\"-1\"><img decoding=\"async\" src=\"https:\/\/i0.wp.com\/www.iese.ac.mz\/coesao-social\/wp-content\/uploads\/2023\/10\/temp.png?fit=250%2C250&#038;ssl=1\" title=\"temp\" alt=\"temp\" loading=\"lazy\" \/><\/a><\/figure><div class=\"elementor-image-box-content\"><h3 class=\"elementor-image-box-title\"><a href=\"#\">xxxxxxxxx<\/a><\/h3><p class=\"elementor-image-box-description\">Montepuez<\/p><\/div><\/div>\t\t\t\t<\/div>\n\t\t\t\t<\/div>\n\t\t\t\t\t<\/div>\n\t\t\t\t<\/div>\n\t\t\t\t\t<\/div>\n\t\t\t\t<\/div>\n\t\t<div class=\"elementor-element elementor-element-f5f1c88 e-flex e-con-boxed e-con e-parent\" data-id=\"f5f1c88\" data-element_type=\"container\" data-e-type=\"container\" data-settings=\"{&quot;background_background&quot;:&quot;classic&quot;}\">\n\t\t\t\t\t<div class=\"e-con-inner\">\n\t\t<div class=\"elementor-element elementor-element-26e8418 e-flex e-con-boxed e-con e-parent\" data-id=\"26e8418\" data-element_type=\"container\" data-e-type=\"container\" data-settings=\"{&quot;background_background&quot;:&quot;classic&quot;}\">\n\t\t\t\t\t<div class=\"e-con-inner\">\n\t\t\t\t<div class=\"elementor-element elementor-element-0aa61a7 elementor-position-top elementor-widget elementor-widget-image-box\" data-id=\"0aa61a7\" data-element_type=\"widget\" data-e-type=\"widget\" data-widget_type=\"image-box.default\">\n\t\t\t\t<div class=\"elementor-widget-container\">\n\t\t\t\t\t<div class=\"elementor-image-box-wrapper\"><figure class=\"elementor-image-box-img\"><a href=\"#\" tabindex=\"-1\"><img decoding=\"async\" src=\"https:\/\/i0.wp.com\/www.iese.ac.mz\/coesao-social\/wp-content\/uploads\/2023\/10\/temp.png?fit=250%2C250&#038;ssl=1\" title=\"temp\" alt=\"temp\" loading=\"lazy\" \/><\/a><\/figure><div class=\"elementor-image-box-content\"><h3 class=\"elementor-image-box-title\"><a href=\"#\">Ab\u00edlio Ussene<\/a><\/h3><p class=\"elementor-image-box-description\">Angoche<\/p><\/div><\/div>\t\t\t\t<\/div>\n\t\t\t\t<\/div>\n\t\t\t\t<div class=\"elementor-element elementor-element-baf2832 elementor-position-top elementor-widget elementor-widget-image-box\" data-id=\"baf2832\" data-element_type=\"widget\" data-e-type=\"widget\" data-widget_type=\"image-box.default\">\n\t\t\t\t<div class=\"elementor-widget-container\">\n\t\t\t\t\t<div class=\"elementor-image-box-wrapper\"><figure class=\"elementor-image-box-img\"><a href=\"#\" tabindex=\"-1\"><img decoding=\"async\" src=\"https:\/\/i0.wp.com\/www.iese.ac.mz\/coesao-social\/wp-content\/uploads\/2023\/10\/temp.png?fit=250%2C250&#038;ssl=1\" title=\"temp\" alt=\"temp\" loading=\"lazy\" \/><\/a><\/figure><div class=\"elementor-image-box-content\"><h3 class=\"elementor-image-box-title\"><a href=\"#\">Leonora dos Santos<\/a><\/h3><p class=\"elementor-image-box-description\">Moma<\/p><\/div><\/div>\t\t\t\t<\/div>\n\t\t\t\t<\/div>\n\t\t\t\t<div class=\"elementor-element elementor-element-4d9da1f elementor-position-top elementor-widget elementor-widget-image-box\" data-id=\"4d9da1f\" data-element_type=\"widget\" data-e-type=\"widget\" data-widget_type=\"image-box.default\">\n\t\t\t\t<div class=\"elementor-widget-container\">\n\t\t\t\t\t<div class=\"elementor-image-box-wrapper\"><figure class=\"elementor-image-box-img\"><a href=\"#\" tabindex=\"-1\"><img decoding=\"async\" src=\"https:\/\/i0.wp.com\/www.iese.ac.mz\/coesao-social\/wp-content\/uploads\/2023\/10\/temp.png?fit=250%2C250&#038;ssl=1\" title=\"temp\" alt=\"temp\" loading=\"lazy\" \/><\/a><\/figure><div class=\"elementor-image-box-content\"><h3 class=\"elementor-image-box-title\"><a href=\"#\">Beth Elias<\/a><\/h3><p class=\"elementor-image-box-description\">Cuamba<\/p><\/div><\/div>\t\t\t\t<\/div>\n\t\t\t\t<\/div>\n\t\t\t\t<div class=\"elementor-element elementor-element-3ce55f9 elementor-position-top elementor-widget elementor-widget-image-box\" data-id=\"3ce55f9\" data-element_type=\"widget\" data-e-type=\"widget\" data-widget_type=\"image-box.default\">\n\t\t\t\t<div class=\"elementor-widget-container\">\n\t\t\t\t\t<div class=\"elementor-image-box-wrapper\"><figure class=\"elementor-image-box-img\"><a href=\"#\" tabindex=\"-1\"><img decoding=\"async\" src=\"https:\/\/i0.wp.com\/www.iese.ac.mz\/coesao-social\/wp-content\/uploads\/2023\/10\/temp.png?fit=250%2C250&#038;ssl=1\" title=\"temp\" alt=\"temp\" loading=\"lazy\" \/><\/a><\/figure><div class=\"elementor-image-box-content\"><h3 class=\"elementor-image-box-title\"><a href=\"#\">Belmira Correia<\/a><\/h3><p class=\"elementor-image-box-description\">Chimbunila<\/p><\/div><\/div>\t\t\t\t<\/div>\n\t\t\t\t<\/div>\n\t\t\t\t\t<\/div>\n\t\t\t\t<\/div>\n\t\t\t\t\t<\/div>\n\t\t\t\t<\/div>\n\t\t<div class=\"elementor-element elementor-element-8661838 e-flex e-con-boxed e-con e-parent\" data-id=\"8661838\" data-element_type=\"container\" data-e-type=\"container\">\n\t\t\t\t\t<div class=\"e-con-inner\">\n\t\t\t\t<div class=\"elementor-element elementor-element-40fc7fa elementor-widget elementor-widget-heading\" data-id=\"40fc7fa\" data-element_type=\"widget\" data-e-type=\"widget\" data-widget_type=\"heading.default\">\n\t\t\t\t<div class=\"elementor-widget-container\">\n\t\t\t\t\t<h2 class=\"elementor-heading-title elementor-size-default\">Equipa do MASC<\/h2>\t\t\t\t<\/div>\n\t\t\t\t<\/div>\n\t\t\t\t\t<\/div>\n\t\t\t\t<\/div>\n\t\t<div class=\"elementor-element elementor-element-10708ba e-flex e-con-boxed e-con e-parent\" data-id=\"10708ba\" data-element_type=\"container\" data-e-type=\"container\" data-settings=\"{&quot;background_background&quot;:&quot;gradient&quot;}\">\n\t\t\t\t\t<div class=\"e-con-inner\">\n\t\t<div class=\"elementor-element elementor-element-6e17190 e-flex e-con-boxed e-con e-parent\" data-id=\"6e17190\" data-element_type=\"container\" data-e-type=\"container\" data-settings=\"{&quot;background_background&quot;:&quot;classic&quot;}\">\n\t\t\t\t\t<div class=\"e-con-inner\">\n\t\t\t\t<div class=\"elementor-element elementor-element-8a7097e elementor-position-top elementor-widget elementor-widget-image-box\" data-id=\"8a7097e\" data-element_type=\"widget\" data-e-type=\"widget\" data-widget_type=\"image-box.default\">\n\t\t\t\t<div class=\"elementor-widget-container\">\n\t\t\t\t\t<div class=\"elementor-image-box-wrapper\"><figure class=\"elementor-image-box-img\"><a href=\"#\" tabindex=\"-1\"><img decoding=\"async\" src=\"https:\/\/i0.wp.com\/www.iese.ac.mz\/coesao-social\/wp-content\/uploads\/2023\/10\/temp.png?fit=250%2C250&#038;ssl=1\" title=\"temp\" alt=\"temp\" loading=\"lazy\" \/><\/a><\/figure><div class=\"elementor-image-box-content\"><h3 class=\"elementor-image-box-title\"><a href=\"#\">Maura Martins<\/a><\/h3><p class=\"elementor-image-box-description\">Coordenadora MEL<\/p><\/div><\/div>\t\t\t\t<\/div>\n\t\t\t\t<\/div>\n\t\t\t\t<div class=\"elementor-element elementor-element-381349b elementor-position-top elementor-widget elementor-widget-image-box\" data-id=\"381349b\" data-element_type=\"widget\" data-e-type=\"widget\" data-widget_type=\"image-box.default\">\n\t\t\t\t<div class=\"elementor-widget-container\">\n\t\t\t\t\t<div class=\"elementor-image-box-wrapper\"><figure class=\"elementor-image-box-img\"><a href=\"#\" tabindex=\"-1\"><img decoding=\"async\" src=\"https:\/\/i0.wp.com\/www.iese.ac.mz\/coesao-social\/wp-content\/uploads\/2023\/10\/temp.png?fit=250%2C250&#038;ssl=1\" title=\"temp\" alt=\"temp\" loading=\"lazy\" \/><\/a><\/figure><div class=\"elementor-image-box-content\"><h3 class=\"elementor-image-box-title\"><a href=\"#\">Matilde Melo<\/a><\/h3><p class=\"elementor-image-box-description\">Nampula<\/p><\/div><\/div>\t\t\t\t<\/div>\n\t\t\t\t<\/div>\n\t\t\t\t<div class=\"elementor-element elementor-element-ee4e7ab elementor-position-top elementor-widget elementor-widget-image-box\" data-id=\"ee4e7ab\" data-element_type=\"widget\" data-e-type=\"widget\" data-widget_type=\"image-box.default\">\n\t\t\t\t<div class=\"elementor-widget-container\">\n\t\t\t\t\t<div class=\"elementor-image-box-wrapper\"><figure class=\"elementor-image-box-img\"><a href=\"#\" tabindex=\"-1\"><img decoding=\"async\" src=\"https:\/\/i0.wp.com\/www.iese.ac.mz\/coesao-social\/wp-content\/uploads\/2023\/10\/temp.png?fit=250%2C250&#038;ssl=1\" title=\"temp\" alt=\"temp\" loading=\"lazy\" \/><\/a><\/figure><div class=\"elementor-image-box-content\"><h3 class=\"elementor-image-box-title\"><a href=\"#\">Maria Patr\u00edcio<\/a><\/h3><p class=\"elementor-image-box-description\">Lichinga<\/p><\/div><\/div>\t\t\t\t<\/div>\n\t\t\t\t<\/div>\n\t\t\t\t<div class=\"elementor-element elementor-element-8bec9ab elementor-position-top elementor-widget elementor-widget-image-box\" data-id=\"8bec9ab\" data-element_type=\"widget\" data-e-type=\"widget\" data-widget_type=\"image-box.default\">\n\t\t\t\t<div class=\"elementor-widget-container\">\n\t\t\t\t\t<div class=\"elementor-image-box-wrapper\"><figure class=\"elementor-image-box-img\"><a href=\"#\" tabindex=\"-1\"><img decoding=\"async\" src=\"https:\/\/i0.wp.com\/www.iese.ac.mz\/coesao-social\/wp-content\/uploads\/2023\/10\/temp.png?fit=250%2C250&#038;ssl=1\" title=\"temp\" alt=\"temp\" loading=\"lazy\" \/><\/a><\/figure><div class=\"elementor-image-box-content\"><h3 class=\"elementor-image-box-title\"><a href=\"#\">Elvira Domingos<\/a><\/h3><p class=\"elementor-image-box-description\">Cuamba<\/p><\/div><\/div>\t\t\t\t<\/div>\n\t\t\t\t<\/div>\n\t\t\t\t\t<\/div>\n\t\t\t\t<\/div>\n\t\t\t\t\t<\/div>\n\t\t\t\t<\/div>\n\t\t<div class=\"elementor-element elementor-element-e7781c6 e-flex e-con-boxed e-con e-parent\" data-id=\"e7781c6\" data-element_type=\"container\" data-e-type=\"container\" data-settings=\"{&quot;background_background&quot;:&quot;gradient&quot;}\">\n\t\t\t\t\t<div class=\"e-con-inner\">\n\t\t<div class=\"elementor-element elementor-element-e1cd6a2 e-flex e-con-boxed e-con e-parent\" data-id=\"e1cd6a2\" data-element_type=\"container\" data-e-type=\"container\" data-settings=\"{&quot;background_background&quot;:&quot;classic&quot;}\">\n\t\t\t\t\t<div class=\"e-con-inner\">\n\t\t\t\t<div class=\"elementor-element elementor-element-a7106f4 elementor-position-top elementor-widget elementor-widget-image-box\" data-id=\"a7106f4\" data-element_type=\"widget\" data-e-type=\"widget\" data-widget_type=\"image-box.default\">\n\t\t\t\t<div class=\"elementor-widget-container\">\n\t\t\t\t\t<div class=\"elementor-image-box-wrapper\"><figure class=\"elementor-image-box-img\"><a href=\"#\" tabindex=\"-1\"><img decoding=\"async\" src=\"https:\/\/i0.wp.com\/www.iese.ac.mz\/coesao-social\/wp-content\/uploads\/2023\/10\/temp.png?fit=250%2C250&#038;ssl=1\" title=\"temp\" alt=\"temp\" loading=\"lazy\" \/><\/a><\/figure><div class=\"elementor-image-box-content\"><h3 class=\"elementor-image-box-title\"><a href=\"#\">N\u00e1via Yassido<\/a><\/h3><p class=\"elementor-image-box-description\">Montepuez<\/p><\/div><\/div>\t\t\t\t<\/div>\n\t\t\t\t<\/div>\n\t\t\t\t<div class=\"elementor-element elementor-element-fd7fd77 elementor-position-top elementor-widget elementor-widget-image-box\" data-id=\"fd7fd77\" data-element_type=\"widget\" data-e-type=\"widget\" data-widget_type=\"image-box.default\">\n\t\t\t\t<div class=\"elementor-widget-container\">\n\t\t\t\t\t<div class=\"elementor-image-box-wrapper\"><figure class=\"elementor-image-box-img\"><a href=\"#\" tabindex=\"-1\"><img decoding=\"async\" src=\"https:\/\/i0.wp.com\/www.iese.ac.mz\/coesao-social\/wp-content\/uploads\/2023\/10\/temp.png?fit=250%2C250&#038;ssl=1\" title=\"temp\" alt=\"temp\" loading=\"lazy\" \/><\/a><\/figure><div class=\"elementor-image-box-content\"><h3 class=\"elementor-image-box-title\"><a href=\"#\">Teresa Mirasse<\/a><\/h3><p class=\"elementor-image-box-description\">Angoche<\/p><\/div><\/div>\t\t\t\t<\/div>\n\t\t\t\t<\/div>\n\t\t\t\t<div class=\"elementor-element elementor-element-ba4ccbc elementor-position-top elementor-widget elementor-widget-image-box\" data-id=\"ba4ccbc\" data-element_type=\"widget\" data-e-type=\"widget\" data-widget_type=\"image-box.default\">\n\t\t\t\t<div class=\"elementor-widget-container\">\n\t\t\t\t\t<div class=\"elementor-image-box-wrapper\"><figure class=\"elementor-image-box-img\"><a href=\"#\" tabindex=\"-1\"><img decoding=\"async\" src=\"https:\/\/i0.wp.com\/www.iese.ac.mz\/coesao-social\/wp-content\/uploads\/2023\/10\/temp.png?fit=250%2C250&#038;ssl=1\" title=\"temp\" alt=\"temp\" loading=\"lazy\" \/><\/a><\/figure><div class=\"elementor-image-box-content\"><h3 class=\"elementor-image-box-title\"><a href=\"#\">Issa J\u00fanior<\/a><\/h3><p class=\"elementor-image-box-description\">Pemba<\/p><\/div><\/div>\t\t\t\t<\/div>\n\t\t\t\t<\/div>\n\t\t\t\t<div class=\"elementor-element elementor-element-afe509d elementor-position-top elementor-widget elementor-widget-image-box\" data-id=\"afe509d\" data-element_type=\"widget\" data-e-type=\"widget\" data-widget_type=\"image-box.default\">\n\t\t\t\t<div class=\"elementor-widget-container\">\n\t\t\t\t\t<div class=\"elementor-image-box-wrapper\"><figure class=\"elementor-image-box-img\"><a href=\"#\" tabindex=\"-1\"><img decoding=\"async\" src=\"https:\/\/i0.wp.com\/www.iese.ac.mz\/coesao-social\/wp-content\/uploads\/2023\/10\/temp.png?fit=250%2C250&#038;ssl=1\" title=\"temp\" alt=\"temp\" loading=\"lazy\" \/><\/a><\/figure><div class=\"elementor-image-box-content\"><h3 class=\"elementor-image-box-title\"><a href=\"#\">Anabela de Castro<\/a><\/h3><p class=\"elementor-image-box-description\">Moma<\/p><\/div><\/div>\t\t\t\t<\/div>\n\t\t\t\t<\/div>\n\t\t\t\t\t<\/div>\n\t\t\t\t<\/div>\n\t\t\t\t\t<\/div>\n\t\t\t\t<\/div>\n\t\t<div class=\"elementor-element elementor-element-38ae274 e-flex e-con-boxed e-con e-parent\" data-id=\"38ae274\" data-element_type=\"container\" data-e-type=\"container\" data-settings=\"{&quot;background_background&quot;:&quot;gradient&quot;}\">\n\t\t\t\t\t<div class=\"e-con-inner\">\n\t\t<div class=\"elementor-element elementor-element-31fdd27 e-flex e-con-boxed e-con e-parent\" data-id=\"31fdd27\" data-element_type=\"container\" data-e-type=\"container\" data-settings=\"{&quot;background_background&quot;:&quot;classic&quot;}\">\n\t\t\t\t\t<div class=\"e-con-inner\">\n\t\t\t\t<div class=\"elementor-element elementor-element-d1b33db elementor-position-top elementor-widget elementor-widget-image-box\" data-id=\"d1b33db\" data-element_type=\"widget\" data-e-type=\"widget\" data-widget_type=\"image-box.default\">\n\t\t\t\t<div class=\"elementor-widget-container\">\n\t\t\t\t\t<div class=\"elementor-image-box-wrapper\"><figure class=\"elementor-image-box-img\"><a href=\"#\" tabindex=\"-1\"><img decoding=\"async\" src=\"https:\/\/i0.wp.com\/www.iese.ac.mz\/coesao-social\/wp-content\/uploads\/2023\/10\/temp.png?fit=250%2C250&#038;ssl=1\" title=\"temp\" alt=\"temp\" loading=\"lazy\" \/><\/a><\/figure><div class=\"elementor-image-box-content\"><h3 class=\"elementor-image-box-title\"><a href=\"#\">Cec\u00edlia Chissumba<\/a><\/h3><p class=\"elementor-image-box-description\">Maputo<\/p><\/div><\/div>\t\t\t\t<\/div>\n\t\t\t\t<\/div>\n\t\t\t\t\t<\/div>\n\t\t\t\t<\/div>\n\t\t\t\t\t<\/div>\n\t\t\t\t<\/div>\n\t\t\t\t<\/div>\n\t\t","protected":false},"excerpt":{"rendered":"<p>Equipa do IESE Salvador Forquilha Coordenador Patr\u00edcia Oliveira Euclides Gon\u00e7alves Equipa do CDD Am\u00e9rico Maluana Coordenador MEL Palmira Revula Nampula xxxxxxxxx Montepuez xxxxxxxxx Montepuez Ab\u00edlio Ussene Angoche Leonora dos Santos [&hellip;]<\/p>\n","protected":false},"author":1,"featured_media":0,"parent":0,"menu_order":0,"comment_status":"closed","ping_status":"closed","template":"","meta":{"give_campaign_id":0,"footnotes":""},"class_list":["post-58","page","type-page","status-publish","hentry","has-post-title","has-post-date","has-post-category","has-post-tag","has-post-comment","has-post-author",""],"campaignId":"","jetpack_sharing_enabled":true,"builder_content":"","_links":{"self":[{"href":"https:\/\/www.iese.ac.mz\/coesao-social\/wp-json\/wp\/v2\/pages\/58","targetHints":{"allow":["GET"]}}],"collection":[{"href":"https:\/\/www.iese.ac.mz\/coesao-social\/wp-json\/wp\/v2\/pages"}],"about":[{"href":"https:\/\/www.iese.ac.mz\/coesao-social\/wp-json\/wp\/v2\/types\/page"}],"author":[{"embeddable":true,"href":"https:\/\/www.iese.ac.mz\/coesao-social\/wp-json\/wp\/v2\/users\/1"}],"replies":[{"embeddable":true,"href":"https:\/\/www.iese.ac.mz\/coesao-social\/wp-json\/wp\/v2\/comments?post=58"}],"version-history":[{"count":79,"href":"https:\/\/www.iese.ac.mz\/coesao-social\/wp-json\/wp\/v2\/pages\/58\/revisions"}],"predecessor-version":[{"id":1418,"href":"https:\/\/www.iese.ac.mz\/coesao-social\/wp-json\/wp\/v2\/pages\/58\/revisions\/1418"}],"wp:attachment":[{"href":"https:\/\/www.iese.ac.mz\/coesao-social\/wp-json\/wp\/v2\/media?parent=58"}],"curies":[{"name":"wp","href":"https:\/\/api.w.org\/{rel}","templated":true}]}}