{"id":981,"date":"2023-08-28T07:53:14","date_gmt":"2023-08-28T07:53:14","guid":{"rendered":"https:\/\/www.iese.ac.mz\/coesao-social\/?page_id=981"},"modified":"2024-02-05T10:40:18","modified_gmt":"2024-02-05T10:40:18","slug":"montepuez","status":"publish","type":"page","link":"https:\/\/www.iese.ac.mz\/coesao-social\/montepuez\/","title":{"rendered":"Montepuez"},"content":{"rendered":"\t\t<div data-elementor-type=\"wp-page\" data-elementor-id=\"981\" class=\"elementor elementor-981\" data-elementor-post-type=\"page\">\n\t\t\t\t<div class=\"elementor-element elementor-element-3ceea64 e-flex e-con-boxed e-con e-parent\" data-id=\"3ceea64\" data-element_type=\"container\" data-e-type=\"container\">\n\t\t\t\t\t<div class=\"e-con-inner\">\n\t\t\t\t<div class=\"elementor-element elementor-element-d90dce4 elementor-widget elementor-widget-heading\" data-id=\"d90dce4\" data-element_type=\"widget\" data-e-type=\"widget\" data-widget_type=\"heading.default\">\n\t\t\t\t<div class=\"elementor-widget-container\">\n\t\t\t\t\t<h2 class=\"elementor-heading-title elementor-size-default\">Distrito de Montepuez<\/h2>\t\t\t\t<\/div>\n\t\t\t\t<\/div>\n\t\t\t\t\t<\/div>\n\t\t\t\t<\/div>\n\t\t<div class=\"elementor-element elementor-element-c1a4866 e-flex e-con-boxed e-con e-parent\" data-id=\"c1a4866\" data-element_type=\"container\" data-e-type=\"container\">\n\t\t\t\t\t<div class=\"e-con-inner\">\n\t\t<div class=\"elementor-element elementor-element-38e21b6 e-con-full e-flex e-con e-parent\" data-id=\"38e21b6\" data-element_type=\"container\" data-e-type=\"container\">\n\t\t\t\t<div class=\"elementor-element elementor-element-e2fa919 elementor-widget elementor-widget-image\" data-id=\"e2fa919\" data-element_type=\"widget\" data-e-type=\"widget\" data-widget_type=\"image.default\">\n\t\t\t\t<div class=\"elementor-widget-container\">\n\t\t\t\t\t\t\t\t\t\t\t\t\t\t\t<img fetchpriority=\"high\" decoding=\"async\" width=\"764\" height=\"573\" src=\"https:\/\/i0.wp.com\/www.iese.ac.mz\/coesao-social\/wp-content\/uploads\/2023\/08\/gmontepuez.jpg?fit=764%2C573&amp;ssl=1\" class=\"attachment-large size-large wp-image-984\" alt=\"\" srcset=\"https:\/\/i0.wp.com\/www.iese.ac.mz\/coesao-social\/wp-content\/uploads\/2023\/08\/gmontepuez.jpg?w=764&amp;ssl=1 764w, https:\/\/i0.wp.com\/www.iese.ac.mz\/coesao-social\/wp-content\/uploads\/2023\/08\/gmontepuez.jpg?resize=300%2C225&amp;ssl=1 300w\" sizes=\"(max-width: 764px) 100vw, 764px\" \/>\t\t\t\t\t\t\t\t\t\t\t\t\t\t\t<\/div>\n\t\t\t\t<\/div>\n\t\t\t\t<\/div>\n\t\t<div class=\"elementor-element elementor-element-7b7c2f1 e-con-full e-flex e-con e-parent\" data-id=\"7b7c2f1\" data-element_type=\"container\" data-e-type=\"container\" data-settings=\"{&quot;background_background&quot;:&quot;gradient&quot;}\">\n\t\t\t\t<div class=\"elementor-element elementor-element-573852a elementor-widget elementor-widget-text-editor\" data-id=\"573852a\" data-element_type=\"widget\" data-e-type=\"widget\" data-widget_type=\"text-editor.default\">\n\t\t\t\t<div class=\"elementor-widget-container\">\n\t\t\t\t\t\t\t\t\t<p><strong>Prov\u00edncia:<\/strong>\u00a0 Cabo Delgado<\/p><p><strong>Distrito:<\/strong>\u00a0 Montepuez<\/p><p><strong>\u00c1rea:<\/strong> 17,721 Km2<\/p><p><strong>Habitantes:<\/strong> 272,069<\/p><ul><li>Homens: 132,543<\/li><li>Mulheres: 139,562<\/li><\/ul><p><strong>Administrador:<\/strong>\u00a0<\/p>\t\t\t\t\t\t\t\t<\/div>\n\t\t\t\t<\/div>\n\t\t\t\t<div class=\"elementor-element elementor-element-4ad4cf9 elementor-widget elementor-widget-text-editor\" data-id=\"4ad4cf9\" data-element_type=\"widget\" data-e-type=\"widget\" data-widget_type=\"text-editor.default\">\n\t\t\t\t<div class=\"elementor-widget-container\">\n\t\t\t\t\t\t\t\t\t<p>Fonte: <em>(INE, 2012)<\/em><\/p>\t\t\t\t\t\t\t\t<\/div>\n\t\t\t\t<\/div>\n\t\t\t\t<\/div>\n\t\t<div class=\"elementor-element elementor-element-2781d44 e-con-full e-flex e-con e-parent\" data-id=\"2781d44\" data-element_type=\"container\" data-e-type=\"container\">\n\t\t\t\t<div class=\"elementor-element elementor-element-3686f8a elementor-widget elementor-widget-image\" data-id=\"3686f8a\" data-element_type=\"widget\" data-e-type=\"widget\" data-widget_type=\"image.default\">\n\t\t\t\t<div class=\"elementor-widget-container\">\n\t\t\t\t\t\t\t\t\t\t\t\t\t\t\t\t<a href=\"https:\/\/www.iese.ac.mz\/wp-content\/uploads\/2023\/11\/Cadernos27-Montepuez.pdf\">\n\t\t\t\t\t\t\t<img decoding=\"async\" width=\"639\" height=\"911\" src=\"https:\/\/i0.wp.com\/www.iese.ac.mz\/coesao-social\/wp-content\/uploads\/2023\/11\/cp-montepuez.png?fit=639%2C911&amp;ssl=1\" class=\"attachment-large size-large wp-image-1616\" alt=\"\" srcset=\"https:\/\/i0.wp.com\/www.iese.ac.mz\/coesao-social\/wp-content\/uploads\/2023\/11\/cp-montepuez.png?w=639&amp;ssl=1 639w, https:\/\/i0.wp.com\/www.iese.ac.mz\/coesao-social\/wp-content\/uploads\/2023\/11\/cp-montepuez.png?resize=210%2C300&amp;ssl=1 210w\" sizes=\"(max-width: 639px) 100vw, 639px\" \/>\t\t\t\t\t\t\t\t<\/a>\n\t\t\t\t\t\t\t\t\t\t\t\t\t\t\t<\/div>\n\t\t\t\t<\/div>\n\t\t\t\t<\/div>\n\t\t\t\t\t<\/div>\n\t\t\t\t<\/div>\n\t\t<div class=\"elementor-element elementor-element-11296ca e-flex e-con-boxed e-con e-parent\" data-id=\"11296ca\" data-element_type=\"container\" data-e-type=\"container\">\n\t\t\t\t\t<div class=\"e-con-inner\">\n\t\t\t\t<div class=\"elementor-element elementor-element-343ca0f elementor-widget elementor-widget-text-editor\" data-id=\"343ca0f\" data-element_type=\"widget\" data-e-type=\"widget\" data-widget_type=\"text-editor.default\">\n\t\t\t\t<div class=\"elementor-widget-container\">\n\t\t\t\t\t\t\t\t\t<p>O distrito de Montepuez est\u00e1 localizado na parte sul da prov\u00edncia de Cabo Delgado, a 210 km da capital provincial, Pemba. Faz fronteira a Norte com o distrito de Mueda, a Sul com os distritos de Balama, Namuno e Chi\u00fare, a Leste com os distritos de Meluco e Ancuabe e a Oeste com os distritos de Mecula e Marrupa que pertencem \u00e0 prov\u00edncia do Niassa (INE, 2012).<\/p><p>Montepuez tem uma superf\u00edcie de 17.721 Km2. De acordo com o Censo de 2017, o distrito tem 272.069 habitantes dos quais 132.543 s\u00e3o homens e 139.526 s\u00e3o mulheres. O distrito tem uma densidade populacional de 9 ha\/Km\u00b2 e 45,7% da popula\u00e7\u00e3o est\u00e1 na faixa et\u00e1ria dos 0 aos 14 anos (Governo do Distrito de Montepuez, 2022). O distrito subdivide-se em quatro postos administrativos, nomeadamente: Mapupulo, Mirate, Nairoto e Namanhumbir. O posto de Mapupulo est\u00e1 subdividido em tr\u00eas localidades a saber: Massaingir, Mapupule e Mputo. O posto administrativo de Mirate est\u00e1 subdividido em tr\u00eas localidades, nomeadamente: Chipembe, Mararange, Mirate e Unidade. O posto administrativo de Nairoto est\u00e1 subdividido em duas localidades, nomeadamente, Nacocolo e Nairoto. No posto administrativo de Namanhumbir est\u00e1 a localidade de M\u2019Pupene.<\/p>\t\t\t\t\t\t\t\t<\/div>\n\t\t\t\t<\/div>\n\t\t\t\t<div class=\"elementor-element elementor-element-a6e0766 elementor-widget elementor-widget-button\" data-id=\"a6e0766\" data-element_type=\"widget\" data-e-type=\"widget\" data-settings=\"{&quot;_animation&quot;:&quot;none&quot;}\" data-widget_type=\"button.default\">\n\t\t\t\t<div class=\"elementor-widget-container\">\n\t\t\t\t\t\t\t\t\t<div class=\"elementor-button-wrapper\">\n\t\t\t\t\t<a class=\"elementor-button elementor-button-link elementor-size-sm elementor-animation-shrink\" href=\"https:\/\/www.iese.ac.mz\/wp-content\/uploads\/2023\/11\/Cadernos27-Montepuez.pdf\">\n\t\t\t\t\t\t<span class=\"elementor-button-content-wrapper\">\n\t\t\t\t\t\t\t\t\t<span class=\"elementor-button-text\">Saiba mais...<\/span>\n\t\t\t\t\t<\/span>\n\t\t\t\t\t<\/a>\n\t\t\t\t<\/div>\n\t\t\t\t\t\t\t\t<\/div>\n\t\t\t\t<\/div>\n\t\t\t\t\t<\/div>\n\t\t\t\t<\/div>\n\t\t<div class=\"elementor-element elementor-element-bf95078 e-flex e-con-boxed e-con e-parent\" data-id=\"bf95078\" data-element_type=\"container\" data-e-type=\"container\">\n\t\t\t\t\t<div class=\"e-con-inner\">\n\t\t\t\t<div class=\"elementor-element elementor-element-592215f elementor-widget-divider--view-line elementor-widget elementor-widget-divider\" data-id=\"592215f\" data-element_type=\"widget\" data-e-type=\"widget\" data-widget_type=\"divider.default\">\n\t\t\t\t<div class=\"elementor-widget-container\">\n\t\t\t\t\t\t\t<div class=\"elementor-divider\">\n\t\t\t<span class=\"elementor-divider-separator\">\n\t\t\t\t\t\t<\/span>\n\t\t<\/div>\n\t\t\t\t\t\t<\/div>\n\t\t\t\t<\/div>\n\t\t\t\t\t<\/div>\n\t\t\t\t<\/div>\n\t\t<div class=\"elementor-element elementor-element-3e9ecbe e-flex e-con-boxed e-con e-parent\" data-id=\"3e9ecbe\" data-element_type=\"container\" data-e-type=\"container\">\n\t\t\t\t\t<div class=\"e-con-inner\">\n\t\t\t\t<div class=\"elementor-element elementor-element-8189148 elementor-widget elementor-widget-text-editor\" data-id=\"8189148\" data-element_type=\"widget\" data-e-type=\"widget\" data-widget_type=\"text-editor.default\">\n\t\t\t\t<div class=\"elementor-widget-container\">\n\t\t\t\t\t\t\t\t\t<p>Distrito de Chi\u00fare<\/p>\t\t\t\t\t\t\t\t<\/div>\n\t\t\t\t<\/div>\n\t\t\t\t\t<\/div>\n\t\t\t\t<\/div>\n\t\t<div class=\"elementor-element elementor-element-9c7bf6f e-flex e-con-boxed e-con e-parent\" data-id=\"9c7bf6f\" data-element_type=\"container\" data-e-type=\"container\">\n\t\t\t\t\t<div class=\"e-con-inner\">\n\t\t\t\t<div class=\"elementor-element elementor-element-ca26d80 elementor-widget elementor-widget-text-editor\" data-id=\"ca26d80\" data-element_type=\"widget\" data-e-type=\"widget\" data-widget_type=\"text-editor.default\">\n\t\t\t\t<div class=\"elementor-widget-container\">\n\t\t\t\t\t\t\t\t\t<p>Distrito de Angoche<\/p>\t\t\t\t\t\t\t\t<\/div>\n\t\t\t\t<\/div>\n\t\t\t\t\t<\/div>\n\t\t\t\t<\/div>\n\t\t<div class=\"elementor-element elementor-element-b3d711c e-flex e-con-boxed e-con e-parent\" data-id=\"b3d711c\" data-element_type=\"container\" data-e-type=\"container\">\n\t\t\t\t\t<div class=\"e-con-inner\">\n\t\t\t\t<div class=\"elementor-element elementor-element-b0b5c45 elementor-widget elementor-widget-text-editor\" data-id=\"b0b5c45\" data-element_type=\"widget\" data-e-type=\"widget\" data-widget_type=\"text-editor.default\">\n\t\t\t\t<div class=\"elementor-widget-container\">\n\t\t\t\t\t\t\t\t\t<p>Distrito de Moma<\/p>\t\t\t\t\t\t\t\t<\/div>\n\t\t\t\t<\/div>\n\t\t\t\t\t<\/div>\n\t\t\t\t<\/div>\n\t\t<div class=\"elementor-element elementor-element-4125948 e-flex e-con-boxed e-con e-parent\" data-id=\"4125948\" data-element_type=\"container\" data-e-type=\"container\">\n\t\t\t\t\t<div class=\"e-con-inner\">\n\t\t\t\t<div class=\"elementor-element elementor-element-7907aeb elementor-widget elementor-widget-text-editor\" data-id=\"7907aeb\" data-element_type=\"widget\" data-e-type=\"widget\" data-widget_type=\"text-editor.default\">\n\t\t\t\t<div class=\"elementor-widget-container\">\n\t\t\t\t\t\t\t\t\t<p>Distrito de Chimbunila<\/p>\t\t\t\t\t\t\t\t<\/div>\n\t\t\t\t<\/div>\n\t\t\t\t\t<\/div>\n\t\t\t\t<\/div>\n\t\t<div class=\"elementor-element elementor-element-69a8f3a e-flex e-con-boxed e-con e-parent\" data-id=\"69a8f3a\" data-element_type=\"container\" data-e-type=\"container\">\n\t\t\t\t\t<div class=\"e-con-inner\">\n\t\t\t\t<div class=\"elementor-element elementor-element-63bac6b elementor-widget elementor-widget-text-editor\" data-id=\"63bac6b\" data-element_type=\"widget\" data-e-type=\"widget\" data-widget_type=\"text-editor.default\">\n\t\t\t\t<div class=\"elementor-widget-container\">\n\t\t\t\t\t\t\t\t\t<p>Distrito de Cuamba<\/p>\t\t\t\t\t\t\t\t<\/div>\n\t\t\t\t<\/div>\n\t\t\t\t\t<\/div>\n\t\t\t\t<\/div>\n\t\t<div class=\"elementor-element elementor-element-bdbd936 e-flex e-con-boxed e-con e-parent\" data-id=\"bdbd936\" data-element_type=\"container\" data-e-type=\"container\">\n\t\t\t\t\t<div class=\"e-con-inner\">\n\t\t\t\t\t<\/div>\n\t\t\t\t<\/div>\n\t\t\t\t<\/div>\n\t\t","protected":false},"excerpt":{"rendered":"<p>Distrito de Montepuez Prov\u00edncia:\u00a0 Cabo Delgado Distrito:\u00a0 Montepuez \u00c1rea: 17,721 Km2 Habitantes: 272,069 Homens: 132,543 Mulheres: 139,562 Administrador:\u00a0 Fonte: (INE, 2012) O distrito de Montepuez est\u00e1 localizado na parte sul [&hellip;]<\/p>\n","protected":false},"author":1,"featured_media":0,"parent":0,"menu_order":0,"comment_status":"closed","ping_status":"closed","template":"","meta":{"give_campaign_id":0,"footnotes":""},"class_list":["post-981","page","type-page","status-publish","hentry","has-post-title","has-post-date","has-post-category","has-post-tag","has-post-comment","has-post-author",""],"campaignId":"","jetpack_sharing_enabled":true,"builder_content":"","_links":{"self":[{"href":"https:\/\/www.iese.ac.mz\/coesao-social\/wp-json\/wp\/v2\/pages\/981","targetHints":{"allow":["GET"]}}],"collection":[{"href":"https:\/\/www.iese.ac.mz\/coesao-social\/wp-json\/wp\/v2\/pages"}],"about":[{"href":"https:\/\/www.iese.ac.mz\/coesao-social\/wp-json\/wp\/v2\/types\/page"}],"author":[{"embeddable":true,"href":"https:\/\/www.iese.ac.mz\/coesao-social\/wp-json\/wp\/v2\/users\/1"}],"replies":[{"embeddable":true,"href":"https:\/\/www.iese.ac.mz\/coesao-social\/wp-json\/wp\/v2\/comments?post=981"}],"version-history":[{"count":40,"href":"https:\/\/www.iese.ac.mz\/coesao-social\/wp-json\/wp\/v2\/pages\/981\/revisions"}],"predecessor-version":[{"id":1707,"href":"https:\/\/www.iese.ac.mz\/coesao-social\/wp-json\/wp\/v2\/pages\/981\/revisions\/1707"}],"wp:attachment":[{"href":"https:\/\/www.iese.ac.mz\/coesao-social\/wp-json\/wp\/v2\/media?parent=981"}],"curies":[{"name":"wp","href":"https:\/\/api.w.org\/{rel}","templated":true}]}}