{"id":429,"date":"2021-08-20T12:51:04","date_gmt":"2021-08-20T12:51:04","guid":{"rendered":"https:\/\/www.iese.ac.mz\/tips-mozambique\/?page_id=429"},"modified":"2022-01-20T10:34:53","modified_gmt":"2022-01-20T10:34:53","slug":"advocacia","status":"publish","type":"page","link":"https:\/\/www.iese.ac.mz\/tips-mozambique\/advocacia\/","title":{"rendered":"Advocacia"},"content":{"rendered":"<p>A Advocacia \u00e9 baseada em evid\u00eancias que, por meio de campanhas, <em>policy<\/em> <em>briefs<\/em>, comunica\u00e7\u00f5es e di\u00e1logo, ser\u00e1 realizada a n\u00edveis local, nacional e internacional.<\/p>\n<p>A ac\u00e7\u00e3o utiliza as redes provinciais, regionais e nacionais dos membros do cons\u00f3rcio para garantir um alcance mais amplo para as actividades de advocacia. O projecto \u201cPor uma Sociedade Inclusiva e Pac\u00edfica em Mo\u00e7ambique\u201d\u00a0(TIPS) conduz campanhas de advocacia <em>online<\/em> e <em>offline<\/em>, em cada uma das cinco prov\u00edncias em que a interven\u00e7\u00e3o ocorre (Inhambane, Sofala, Tete, Niassa e Cabo Delgado) e ao n\u00edvel nacional. As campanhas t\u00eam como objectivo aumentar a consciencializa\u00e7\u00e3o. Essa consciencializa\u00e7\u00e3o incide sobre os membros do Governo, do Parlamento e das Assembleias Provinciais, as comunidades locais e os actores do sector privado e actores nacionais e internacionais interessados, entre outros, relativamente ao trabalho das organiza\u00e7\u00f5es da sociedade civil (OSCs) e dos l\u00edderes comunit\u00e1rios no processo de constru\u00e7\u00e3o da paz e governa\u00e7\u00e3o de recursos naturais, particularmente com enfoque na gest\u00e3o inclusiva e sustent\u00e1vel da terra. Al\u00e9m disso, concentra-se especificamente na paz, gest\u00e3o inclusiva e sustent\u00e1vel dos recursos naturais por meio do envolvimento de v\u00e1rias partes interessadas. As campanhas tamb\u00e9m destacam o papel das mulheres e dos jovens na gest\u00e3o de recursos naturais. O projecto TIPS desenvolve o plano de campanha e as mensagens principais, utilizando as evid\u00eancias, pesquisas e resumos de pol\u00edticas produzidas as habilidades adquiridas para advocacia e campanhas <em>online<\/em> e o<em>ffline<\/em>.<\/p>\n<p>A campanha nacional de advocacia de direitos \u00e9 composta pelos elementos-chave comuns das campanhas provinciais e tem como p\u00fablicos-alvo os funcion\u00e1rios do governo e tomadores de decis\u00e3o, sector privado e m\u00eddia. Tendo em conta que o uso exclusivo de abordagens <em>online<\/em> pode criar exclus\u00e3o em certos locais, tamb\u00e9m s\u00e3o usados outros modelos de mensagens eficazes, tais como r\u00e1dios comunit\u00e1rias, TV e campanhas <em>offline<\/em>. Os parceiros do cons\u00f3rcio desempenham um papel importante na amplia\u00e7\u00e3o da campanha de advocacia por meio de suas redes e plataformas em todo o pa\u00eds e no apoio \u00e0 cria\u00e7\u00e3o de conex\u00f5es com actores-chave e tomadores de decis\u00e3o ao n\u00edvel nacional.<\/p>\n","protected":false},"excerpt":{"rendered":"<p>A Advocacia \u00e9 baseada em evid\u00eancias que, por meio de campanhas, policy briefs, comunica\u00e7\u00f5es e di\u00e1logo, ser\u00e1 realizada a n\u00edveis local, nacional e internacional. A ac\u00e7\u00e3o utiliza as redes provinciais, regionais e nacionais dos membros do cons\u00f3rcio para garantir um alcance mais amplo para as actividades de advocacia. O projecto \u201cPor uma Sociedade Inclusiva e [&hellip;]<\/p>\n","protected":false},"author":1,"featured_media":0,"parent":0,"menu_order":0,"comment_status":"closed","ping_status":"closed","template":"","meta":{"nf_dc_page":"","om_disable_all_campaigns":false,"_monsterinsights_skip_tracking":false,"_monsterinsights_sitenote_active":false,"_monsterinsights_sitenote_note":"","_monsterinsights_sitenote_category":0,"site-sidebar-layout":"default","site-content-layout":"default","ast-site-content-layout":"default","site-content-style":"default","site-sidebar-style":"default","ast-global-header-display":"","ast-banner-title-visibility":"","ast-main-header-display":"","ast-hfb-above-header-display":"","ast-hfb-below-header-display":"","ast-hfb-mobile-header-display":"","site-post-title":"","ast-breadcrumbs-content":"","ast-featured-img":"","footer-sml-layout":"","ast-disable-related-posts":"","theme-transparent-header-meta":"default","adv-header-id-meta":"","stick-header-meta":"","header-above-stick-meta":"","header-main-stick-meta":"","header-below-stick-meta":"","astra-migrate-meta-layouts":"default","ast-page-background-enabled":"default","ast-page-background-meta":{"desktop":{"background-color":"var(--ast-global-color-4)","background-image":"","background-repeat":"repeat","background-position":"center center","background-size":"auto","background-attachment":"scroll","background-type":"","background-media":"","overlay-type":"","overlay-color":"","overlay-opacity":"","overlay-gradient":""},"tablet":{"background-color":"","background-image":"","background-repeat":"repeat","background-position":"center center","background-size":"auto","background-attachment":"scroll","background-type":"","background-media":"","overlay-type":"","overlay-color":"","overlay-opacity":"","overlay-gradient":""},"mobile":{"background-color":"","background-image":"","background-repeat":"repeat","background-position":"center center","background-size":"auto","background-attachment":"scroll","background-type":"","background-media":"","overlay-type":"","overlay-color":"","overlay-opacity":"","overlay-gradient":""}},"ast-content-background-meta":{"desktop":{"background-color":"var(--ast-global-color-5)","background-image":"","background-repeat":"repeat","background-position":"center center","background-size":"auto","background-attachment":"scroll","background-type":"","background-media":"","overlay-type":"","overlay-color":"","overlay-opacity":"","overlay-gradient":""},"tablet":{"background-color":"var(--ast-global-color-5)","background-image":"","background-repeat":"repeat","background-position":"center center","background-size":"auto","background-attachment":"scroll","background-type":"","background-media":"","overlay-type":"","overlay-color":"","overlay-opacity":"","overlay-gradient":""},"mobile":{"background-color":"var(--ast-global-color-5)","background-image":"","background-repeat":"repeat","background-position":"center center","background-size":"auto","background-attachment":"scroll","background-type":"","background-media":"","overlay-type":"","overlay-color":"","overlay-opacity":"","overlay-gradient":""}},"footnotes":""},"class_list":["post-429","page","type-page","status-publish","hentry"],"aioseo_notices":[],"jetpack_sharing_enabled":true,"_links":{"self":[{"href":"https:\/\/www.iese.ac.mz\/tips-mozambique\/wp-json\/wp\/v2\/pages\/429","targetHints":{"allow":["GET"]}}],"collection":[{"href":"https:\/\/www.iese.ac.mz\/tips-mozambique\/wp-json\/wp\/v2\/pages"}],"about":[{"href":"https:\/\/www.iese.ac.mz\/tips-mozambique\/wp-json\/wp\/v2\/types\/page"}],"author":[{"embeddable":true,"href":"https:\/\/www.iese.ac.mz\/tips-mozambique\/wp-json\/wp\/v2\/users\/1"}],"replies":[{"embeddable":true,"href":"https:\/\/www.iese.ac.mz\/tips-mozambique\/wp-json\/wp\/v2\/comments?post=429"}],"version-history":[{"count":2,"href":"https:\/\/www.iese.ac.mz\/tips-mozambique\/wp-json\/wp\/v2\/pages\/429\/revisions"}],"predecessor-version":[{"id":446,"href":"https:\/\/www.iese.ac.mz\/tips-mozambique\/wp-json\/wp\/v2\/pages\/429\/revisions\/446"}],"wp:attachment":[{"href":"https:\/\/www.iese.ac.mz\/tips-mozambique\/wp-json\/wp\/v2\/media?parent=429"}],"curies":[{"name":"wp","href":"https:\/\/api.w.org\/{rel}","templated":true}]}}