{"id":432,"date":"2021-08-20T12:51:26","date_gmt":"2021-08-20T12:51:26","guid":{"rendered":"https:\/\/www.iese.ac.mz\/tips-mozambique\/?page_id=432"},"modified":"2022-01-20T10:36:00","modified_gmt":"2022-01-20T10:36:00","slug":"activismo","status":"publish","type":"page","link":"https:\/\/www.iese.ac.mz\/tips-mozambique\/activismo\/","title":{"rendered":"Activismo"},"content":{"rendered":"<p>O Activismo consiste em cc\u00e7\u00f5es em rede e colabora\u00e7\u00e3o entre organiza\u00e7\u00f5es da sociedade civil (OSCs) e actores de desenvolvimento \u00e9 estabelecida com base em 60 OSCs e 100 l\u00edderes comunit\u00e1rios, para al\u00e9m do estabelecimento de um F\u00f3rum de OSCs-alvo e l\u00edderes comunit\u00e1rios que trabalham sobre quest\u00f5es da preven\u00e7\u00e3o e resolu\u00e7\u00e3o de conflitos, bem como da gest\u00e3o inclusiva e sustent\u00e1vel de recursos naturais, incluindo terra e sector de industria extractiva. Este F\u00f3rum funciona como um espa\u00e7o seguro de activismo, uma plataforma para reuni\u00f5es internas e externas e um local onde as OSCs podem preparar agendas e quest\u00f5es que ser\u00e3o introduzidas nas plataformas <em>multistakeholders<\/em>, que o projecto TIPS estabelece. Por sua vez, o F\u00f3rum facilita a cria\u00e7\u00e3o das campanhas provinciais de advocacia de direitos.<\/p>\n<p>O F\u00f3rum \u00e9 estabelecido e vinculado a actores nacionais e internacionais de constru\u00e7\u00e3o da paz e gest\u00e3o de recursos naturais. O F\u00f3rum criar\u00e1 cinco n\u00facleos locais, um em cada prov\u00edncia abrangida pelo projecto TIPS (Inhambane, Sofala, Tete, Niassa e Cabo Delgado). O F\u00f3rum vai reunir-se regularmente para discutir e buscar solu\u00e7\u00f5es sobre quest\u00f5es relevantes relacionadas com os conflitos resultantes da explora\u00e7\u00e3o de recursos naturais e extractivos, a preven\u00e7\u00e3o, a media\u00e7\u00e3o e a constru\u00e7\u00e3o da paz, que emergem dos seus contextos espec\u00edficos, e discutir o progresso em suas actividades de monitoria.<\/p>\n<p>Espera-se que ao conectar as OSCs e os l\u00edderes comunit\u00e1rios entre si e com seus pares, eles sejam capazes de aumentar seus conhecimentos, aprimorar sua vis\u00e3o e aumentar sua efic\u00e1cia de advocacia. O resultado \u00e9 ter, portanto, OSCs e l\u00edderes comunit\u00e1rios melhor conectados, dispondo de maiores capacidades e habilidades para advogar em conjunto por uma gest\u00e3o dos recursos naturais pac\u00edfica, inclusiva e sustent\u00e1vel bem comoprevenindo e resolvendo conflitos.<\/p>\n<p>Este F\u00f3rum proporcionar\u00e1 um espa\u00e7o seguro e uma plataforma de reuni\u00e3o regular, onde os membros podem discutir e buscar solu\u00e7\u00f5es para quest\u00f5es relacionadas \u00e0 gest\u00e3o de recursos naturais, incluindo gest\u00e3o inclusiva e sustent\u00e1vel de terras, conflitos baseados em recursos naturais, discuss\u00e3o do progresso em seus planos de monitoria e desenvolvimento de advocacia conjunta. Al\u00e9m de ser um espa\u00e7o seguro, o F\u00f3rum servecomo a plataforma onde os membros se preparam e chegam a um acordo sobre as quest\u00f5es a serem introduzidas nas plataformas <em>multistakeholders<\/em>.<\/p>\n","protected":false},"excerpt":{"rendered":"<p>O Activismo consiste em cc\u00e7\u00f5es em rede e colabora\u00e7\u00e3o entre organiza\u00e7\u00f5es da sociedade civil (OSCs) e actores de desenvolvimento \u00e9 estabelecida com base em 60 OSCs e 100 l\u00edderes comunit\u00e1rios, para al\u00e9m do estabelecimento de um F\u00f3rum de OSCs-alvo e l\u00edderes comunit\u00e1rios que trabalham sobre quest\u00f5es da preven\u00e7\u00e3o e resolu\u00e7\u00e3o de conflitos, bem como da [&hellip;]<\/p>\n","protected":false},"author":1,"featured_media":0,"parent":0,"menu_order":0,"comment_status":"closed","ping_status":"closed","template":"","meta":{"nf_dc_page":"","om_disable_all_campaigns":false,"_monsterinsights_skip_tracking":false,"_monsterinsights_sitenote_active":false,"_monsterinsights_sitenote_note":"","_monsterinsights_sitenote_category":0,"site-sidebar-layout":"default","site-content-layout":"default","ast-site-content-layout":"default","site-content-style":"default","site-sidebar-style":"default","ast-global-header-display":"","ast-banner-title-visibility":"","ast-main-header-display":"","ast-hfb-above-header-display":"","ast-hfb-below-header-display":"","ast-hfb-mobile-header-display":"","site-post-title":"","ast-breadcrumbs-content":"","ast-featured-img":"","footer-sml-layout":"","ast-disable-related-posts":"","theme-transparent-header-meta":"default","adv-header-id-meta":"","stick-header-meta":"","header-above-stick-meta":"","header-main-stick-meta":"","header-below-stick-meta":"","astra-migrate-meta-layouts":"default","ast-page-background-enabled":"default","ast-page-background-meta":{"desktop":{"background-color":"var(--ast-global-color-4)","background-image":"","background-repeat":"repeat","background-position":"center center","background-size":"auto","background-attachment":"scroll","background-type":"","background-media":"","overlay-type":"","overlay-color":"","overlay-opacity":"","overlay-gradient":""},"tablet":{"background-color":"","background-image":"","background-repeat":"repeat","background-position":"center center","background-size":"auto","background-attachment":"scroll","background-type":"","background-media":"","overlay-type":"","overlay-color":"","overlay-opacity":"","overlay-gradient":""},"mobile":{"background-color":"","background-image":"","background-repeat":"repeat","background-position":"center center","background-size":"auto","background-attachment":"scroll","background-type":"","background-media":"","overlay-type":"","overlay-color":"","overlay-opacity":"","overlay-gradient":""}},"ast-content-background-meta":{"desktop":{"background-color":"var(--ast-global-color-5)","background-image":"","background-repeat":"repeat","background-position":"center center","background-size":"auto","background-attachment":"scroll","background-type":"","background-media":"","overlay-type":"","overlay-color":"","overlay-opacity":"","overlay-gradient":""},"tablet":{"background-color":"var(--ast-global-color-5)","background-image":"","background-repeat":"repeat","background-position":"center center","background-size":"auto","background-attachment":"scroll","background-type":"","background-media":"","overlay-type":"","overlay-color":"","overlay-opacity":"","overlay-gradient":""},"mobile":{"background-color":"var(--ast-global-color-5)","background-image":"","background-repeat":"repeat","background-position":"center center","background-size":"auto","background-attachment":"scroll","background-type":"","background-media":"","overlay-type":"","overlay-color":"","overlay-opacity":"","overlay-gradient":""}},"footnotes":""},"class_list":["post-432","page","type-page","status-publish","hentry"],"aioseo_notices":[],"jetpack_sharing_enabled":true,"_links":{"self":[{"href":"https:\/\/www.iese.ac.mz\/tips-mozambique\/wp-json\/wp\/v2\/pages\/432","targetHints":{"allow":["GET"]}}],"collection":[{"href":"https:\/\/www.iese.ac.mz\/tips-mozambique\/wp-json\/wp\/v2\/pages"}],"about":[{"href":"https:\/\/www.iese.ac.mz\/tips-mozambique\/wp-json\/wp\/v2\/types\/page"}],"author":[{"embeddable":true,"href":"https:\/\/www.iese.ac.mz\/tips-mozambique\/wp-json\/wp\/v2\/users\/1"}],"replies":[{"embeddable":true,"href":"https:\/\/www.iese.ac.mz\/tips-mozambique\/wp-json\/wp\/v2\/comments?post=432"}],"version-history":[{"count":2,"href":"https:\/\/www.iese.ac.mz\/tips-mozambique\/wp-json\/wp\/v2\/pages\/432\/revisions"}],"predecessor-version":[{"id":447,"href":"https:\/\/www.iese.ac.mz\/tips-mozambique\/wp-json\/wp\/v2\/pages\/432\/revisions\/447"}],"wp:attachment":[{"href":"https:\/\/www.iese.ac.mz\/tips-mozambique\/wp-json\/wp\/v2\/media?parent=432"}],"curies":[{"name":"wp","href":"https:\/\/api.w.org\/{rel}","templated":true}]}}