{"id":434,"date":"2021-08-20T12:51:50","date_gmt":"2021-08-20T12:51:50","guid":{"rendered":"https:\/\/www.iese.ac.mz\/tips-mozambique\/?page_id=434"},"modified":"2022-01-20T10:34:06","modified_gmt":"2022-01-20T10:34:06","slug":"desenvolvimento-de-capacidades","status":"publish","type":"page","link":"https:\/\/www.iese.ac.mz\/tips-mozambique\/desenvolvimento-de-capacidades\/","title":{"rendered":"Desenvolvimento de capacidades"},"content":{"rendered":"<p>O Desenvolvimento de Capacidades incorpora as actividades destinadas a organiza\u00e7\u00f5es da sociedade civil (OSCs) e l\u00edderes comunit\u00e1rios espec\u00edficos em cada uma das cinco prov\u00edncias onde o projecto \u201cPor uma Sociedade Inclusiva e Pac\u00edfica em Mo\u00e7ambique\u201d (TIPS) \u00e9 implementado, nomeadamente Inhambane, Sofala, Tete, Niassa e Cabo Delgado. As actividades consistem num programa de treinamento em tr\u00eas fases ao longo do per\u00edodo de implementa\u00e7\u00e3o do projecto TIPS. O treinamento \u00e9 desenvolvido por meio de consultas a OSCs e l\u00edderes comunit\u00e1rios, bem como a especialistas que trabalham sobre o processo de constru\u00e7\u00e3o da paz. Assim, espera-se doptar as OSCs e aos l\u00edderes comunit\u00e1rios de conhecimentos, capacidades e habilidades em an\u00e1lise de conflitos, resolu\u00e7\u00e3o de conflitos, media\u00e7\u00e3o, di\u00e1logo, <em>lobby<\/em>, advocacaia e monitoria. Nesse sentido, o cons\u00f3rcio organizar\u00e1 tr\u00eas treinamentos em cada um dos locais abrangidos pelo projecto TIPS. O primeiro treinamento tem como foco a an\u00e1lise de conflitos, resolu\u00e7\u00e3o de conflitos, media\u00e7\u00e3o e di\u00e1logo, particularmente conflitos baseados em recursos naturais, al\u00e9m de motiva\u00e7\u00f5es em volta de conflitos relacionadas, tais como as disputas de terra. O segundo concentra-se-se no <em>lobby<\/em>, na advocacia e monitoria. O terceiro focaliza-se no aprofundamento das habilidades dos participantes do projecto TIPS na preven\u00e7\u00e3o e transforma\u00e7\u00e3o de conflitos, advocacacia e promo\u00e7\u00e3o de campanhas, especificamente relacionadas com a gest\u00e3o de recursos naturais.<\/p>\n<p>O projecto TIPS tem como p\u00fablico-alvo, 12 OSCs e 20 l\u00edderes comunit\u00e1rios em cada uma das cinco prov\u00edncias acima indicadas de modo a garantir equil\u00edbrio de g\u00e9nero, socioecon\u00f3mico, religioso, \u00e9tnico, cultural, comunit\u00e1rio e geogr\u00e1fico entre os participantes.<\/p>\n<p>As actividades de Desenvolvimento de Capacidades s\u00e3o multiplicadoras no contexto da sua implementa\u00e7\u00e3o de modo a envolver diversas partes interessadas, incluindo outros l\u00edderes e membros da comunidade, jovens, tomadores de decis\u00e3o e a m\u00eddia, em abordagens positivas e n\u00e3o violentas para promover uma cultura de paz. As forma\u00e7\u00f5es apoiam a ac\u00e7\u00e3o pr\u00e1tica, visto que n\u00e3o s\u00f3 fornecem ferramentas te\u00f3ricas e orienta\u00e7\u00e3o, mas tamb\u00e9m acompanhamento dos membros do cons\u00f3rcio. Melhora tamb\u00e9m as compet\u00eancias t\u00e9cnicas dos representantes de OSCs e l\u00edderes comunit\u00e1rios espec\u00edficos, aumentando a qualidade do seu trabalho e actividades, bem como a sua motiva\u00e7\u00e3o e impacto no que se refere \u00e0s capacidades adquiridas.<\/p>\n","protected":false},"excerpt":{"rendered":"<p>O Desenvolvimento de Capacidades incorpora as actividades destinadas a organiza\u00e7\u00f5es da sociedade civil (OSCs) e l\u00edderes comunit\u00e1rios espec\u00edficos em cada uma das cinco prov\u00edncias onde o projecto \u201cPor uma Sociedade Inclusiva e Pac\u00edfica em Mo\u00e7ambique\u201d (TIPS) \u00e9 implementado, nomeadamente Inhambane, Sofala, Tete, Niassa e Cabo Delgado. As actividades consistem num programa de treinamento em tr\u00eas [&hellip;]<\/p>\n","protected":false},"author":1,"featured_media":0,"parent":0,"menu_order":0,"comment_status":"closed","ping_status":"closed","template":"","meta":{"nf_dc_page":"","om_disable_all_campaigns":false,"_monsterinsights_skip_tracking":false,"_monsterinsights_sitenote_active":false,"_monsterinsights_sitenote_note":"","_monsterinsights_sitenote_category":0,"site-sidebar-layout":"default","site-content-layout":"default","ast-site-content-layout":"default","site-content-style":"default","site-sidebar-style":"default","ast-global-header-display":"","ast-banner-title-visibility":"","ast-main-header-display":"","ast-hfb-above-header-display":"","ast-hfb-below-header-display":"","ast-hfb-mobile-header-display":"","site-post-title":"","ast-breadcrumbs-content":"","ast-featured-img":"","footer-sml-layout":"","ast-disable-related-posts":"","theme-transparent-header-meta":"default","adv-header-id-meta":"","stick-header-meta":"","header-above-stick-meta":"","header-main-stick-meta":"","header-below-stick-meta":"","astra-migrate-meta-layouts":"default","ast-page-background-enabled":"default","ast-page-background-meta":{"desktop":{"background-color":"var(--ast-global-color-4)","background-image":"","background-repeat":"repeat","background-position":"center center","background-size":"auto","background-attachment":"scroll","background-type":"","background-media":"","overlay-type":"","overlay-color":"","overlay-opacity":"","overlay-gradient":""},"tablet":{"background-color":"","background-image":"","background-repeat":"repeat","background-position":"center center","background-size":"auto","background-attachment":"scroll","background-type":"","background-media":"","overlay-type":"","overlay-color":"","overlay-opacity":"","overlay-gradient":""},"mobile":{"background-color":"","background-image":"","background-repeat":"repeat","background-position":"center center","background-size":"auto","background-attachment":"scroll","background-type":"","background-media":"","overlay-type":"","overlay-color":"","overlay-opacity":"","overlay-gradient":""}},"ast-content-background-meta":{"desktop":{"background-color":"var(--ast-global-color-5)","background-image":"","background-repeat":"repeat","background-position":"center center","background-size":"auto","background-attachment":"scroll","background-type":"","background-media":"","overlay-type":"","overlay-color":"","overlay-opacity":"","overlay-gradient":""},"tablet":{"background-color":"var(--ast-global-color-5)","background-image":"","background-repeat":"repeat","background-position":"center center","background-size":"auto","background-attachment":"scroll","background-type":"","background-media":"","overlay-type":"","overlay-color":"","overlay-opacity":"","overlay-gradient":""},"mobile":{"background-color":"var(--ast-global-color-5)","background-image":"","background-repeat":"repeat","background-position":"center center","background-size":"auto","background-attachment":"scroll","background-type":"","background-media":"","overlay-type":"","overlay-color":"","overlay-opacity":"","overlay-gradient":""}},"footnotes":""},"class_list":["post-434","page","type-page","status-publish","hentry"],"aioseo_notices":[],"jetpack_sharing_enabled":true,"_links":{"self":[{"href":"https:\/\/www.iese.ac.mz\/tips-mozambique\/wp-json\/wp\/v2\/pages\/434","targetHints":{"allow":["GET"]}}],"collection":[{"href":"https:\/\/www.iese.ac.mz\/tips-mozambique\/wp-json\/wp\/v2\/pages"}],"about":[{"href":"https:\/\/www.iese.ac.mz\/tips-mozambique\/wp-json\/wp\/v2\/types\/page"}],"author":[{"embeddable":true,"href":"https:\/\/www.iese.ac.mz\/tips-mozambique\/wp-json\/wp\/v2\/users\/1"}],"replies":[{"embeddable":true,"href":"https:\/\/www.iese.ac.mz\/tips-mozambique\/wp-json\/wp\/v2\/comments?post=434"}],"version-history":[{"count":2,"href":"https:\/\/www.iese.ac.mz\/tips-mozambique\/wp-json\/wp\/v2\/pages\/434\/revisions"}],"predecessor-version":[{"id":445,"href":"https:\/\/www.iese.ac.mz\/tips-mozambique\/wp-json\/wp\/v2\/pages\/434\/revisions\/445"}],"wp:attachment":[{"href":"https:\/\/www.iese.ac.mz\/tips-mozambique\/wp-json\/wp\/v2\/media?parent=434"}],"curies":[{"name":"wp","href":"https:\/\/api.w.org\/{rel}","templated":true}]}}